{"id":7866,"date":"2021-04-12T13:35:30","date_gmt":"2021-04-12T13:35:30","guid":{"rendered":"https:\/\/og-onlineandgo.devcode.nl\/privacy-policy\/"},"modified":"2021-05-13T16:43:56","modified_gmt":"2021-05-13T14:43:56","slug":"politica-sulla-riservatezza","status":"publish","type":"page","link":"https:\/\/og-onlineandgo.devcode.nl\/it\/politica-sulla-riservatezza\/","title":{"rendered":"Politica sulla riservatezza"},"content":{"rendered":"\t\t<div data-elementor-type=\"wp-page\" data-elementor-id=\"7866\" class=\"elementor elementor-7866 elementor-3\" data-elementor-settings=\"[]\">\n\t\t\t\t\t\t\t<div class=\"elementor-section-wrap\">\n\t\t\t\t\t\t\t<section class=\"elementor-section elementor-top-section elementor-element elementor-element-7d13070 elementor-section-boxed elementor-section-height-default elementor-section-height-default\" data-id=\"7d13070\" data-element_type=\"section\">\n\t\t\t\t\t\t<div class=\"elementor-container elementor-column-gap-default\">\n\t\t\t\t\t<div class=\"elementor-column elementor-col-100 elementor-top-column elementor-element elementor-element-7fd9e0a\" data-id=\"7fd9e0a\" data-element_type=\"column\">\n\t\t\t<div class=\"elementor-widget-wrap elementor-element-populated\">\n\t\t\t\t\t\t\t\t<div class=\"elementor-element elementor-element-2cc0de5 elementor-widget elementor-widget-spacer\" data-id=\"2cc0de5\" data-element_type=\"widget\" data-widget_type=\"spacer.default\">\n\t\t\t\t<div class=\"elementor-widget-container\">\n\t\t\t\t\t<div class=\"elementor-spacer\">\n\t\t\t<div class=\"elementor-spacer-inner\"><\/div>\n\t\t<\/div>\n\t\t\t\t<\/div>\n\t\t\t\t<\/div>\n\t\t\t\t\t<\/div>\n\t\t<\/div>\n\t\t\t\t\t\t\t<\/div>\n\t\t<\/section>\n\t\t\t\t<section class=\"elementor-section elementor-top-section elementor-element elementor-element-522f040 elementor-section-boxed elementor-section-height-default elementor-section-height-default\" data-id=\"522f040\" data-element_type=\"section\">\n\t\t\t\t\t\t<div class=\"elementor-container elementor-column-gap-default\">\n\t\t\t\t\t<div class=\"elementor-column elementor-col-100 elementor-top-column elementor-element elementor-element-fe5e610\" data-id=\"fe5e610\" data-element_type=\"column\">\n\t\t\t<div class=\"elementor-widget-wrap elementor-element-populated\">\n\t\t\t\t\t\t\t\t<div class=\"elementor-element elementor-element-1e1a696 elementor-widget elementor-widget-heading\" data-id=\"1e1a696\" data-element_type=\"widget\" data-widget_type=\"heading.default\">\n\t\t\t\t<div class=\"elementor-widget-container\">\n\t\t\t<h2 class=\"elementor-heading-title elementor-size-default\">REGISTRAZIONE DEI DATI PERSONALI<\/h2>\t\t<\/div>\n\t\t\t\t<\/div>\n\t\t\t\t<div class=\"elementor-element elementor-element-92b9f64 elementor-widget elementor-widget-text-editor\" data-id=\"92b9f64\" data-element_type=\"widget\" data-widget_type=\"text-editor.default\">\n\t\t\t\t<div class=\"elementor-widget-container\">\n\t\t\t\t\t\t\t\t<p>Lo scopo di questa informativa \u00e8 informare gli utenti della Politica generale sulla privacy e sulla protezione dei dati personali seguita da OG-ONLINEANDGO.COM.<\/p><p>La presente Informativa sulla privacy potrebbe variare a seconda dei requisiti legislativi o di autoregolamentazione, pertanto si consiglia agli utenti di visitarla periodicamente e sar\u00e0 applicabile nel caso in cui gli utenti decidano di compilare qualsiasi modulo di uno dei loro moduli di contatto in cui vengono raccolti i dati di un natura personale.<\/p><p>Quando utilizzi i moduli di contatto, noterai che alcuni campi, come il nome o l&#8217;email, sono contrassegnati da un asterisco (*); Ci\u00f2 significa che questi campi sono obbligatori e il modulo non potr\u00e0 essere inviato se lasci questi campi vuoti. \u00c8 possibile esercitare i diritti di accesso, rettifica, cancellazione e opposizione scrivendo all&#8217;indirizzo del responsabile sopra indicato, a seguito delle formalit\u00e0 imposte dalla Legge Organica 15\/1999, del 13 dicembre, sulla protezione dei dati personali e suoi regolamenti sviluppo.<\/p><p>L&#8217;invio dei dati personali \u00e8 obbligatorio per contattare e svolgere operazioni commerciali con OG-ONLINEANDGO.COM.<\/p><p>Allo stesso modo, il mancato conferimento dei dati personali richiesti o la mancata accettazione della presente informativa sulla privacy comporta l&#8217;impossibilit\u00e0 di iscriversi ed evadere le richieste effettuate sul nostro portale.<\/p>\t\t\t\t\t\t<\/div>\n\t\t\t\t<\/div>\n\t\t\t\t\t<\/div>\n\t\t<\/div>\n\t\t\t\t\t\t\t<\/div>\n\t\t<\/section>\n\t\t\t\t<section class=\"elementor-section elementor-top-section elementor-element elementor-element-914eea2 elementor-section-boxed elementor-section-height-default elementor-section-height-default\" data-id=\"914eea2\" data-element_type=\"section\">\n\t\t\t\t\t\t<div class=\"elementor-container elementor-column-gap-default\">\n\t\t\t\t\t<div class=\"elementor-column elementor-col-100 elementor-top-column elementor-element elementor-element-871690e\" data-id=\"871690e\" data-element_type=\"column\">\n\t\t\t<div class=\"elementor-widget-wrap elementor-element-populated\">\n\t\t\t\t\t\t\t\t<div class=\"elementor-element elementor-element-eaba05f elementor-widget elementor-widget-heading\" data-id=\"eaba05f\" data-element_type=\"widget\" data-widget_type=\"heading.default\">\n\t\t\t\t<div class=\"elementor-widget-container\">\n\t\t\t<h2 class=\"elementor-heading-title elementor-size-default\">UTILIZZO E TRATTAMENTO DEI DATI DELL'UTENTE<\/h2>\t\t<\/div>\n\t\t\t\t<\/div>\n\t\t\t\t<div class=\"elementor-element elementor-element-a2fae59 elementor-widget elementor-widget-text-editor\" data-id=\"a2fae59\" data-element_type=\"widget\" data-widget_type=\"text-editor.default\">\n\t\t\t\t<div class=\"elementor-widget-container\">\n\t\t\t\t\t\t\t\t<p>OG-ONLINEANDGO.COM \u00e8 pienamente consapevole dell&#8217;uso e del trattamento che deve essere dato ai dati personali che possono essere richiesti o che potranno essere ottenuti dagli utenti sulle proprie pagine web al fine di gestire le richieste o servizi richiesti. In nessun momento farai un uso diverso di queste informazioni o condividerai i dati degli utenti con terze parti.<\/p>\t\t\t\t\t\t<\/div>\n\t\t\t\t<\/div>\n\t\t\t\t<div class=\"elementor-element elementor-element-d13c19c elementor-widget elementor-widget-heading\" data-id=\"d13c19c\" data-element_type=\"widget\" data-widget_type=\"heading.default\">\n\t\t\t\t<div class=\"elementor-widget-container\">\n\t\t\t<h3 class=\"elementor-heading-title elementor-size-default\">SEGRETO E SICUREZZA DEI DATI.<\/h3>\t\t<\/div>\n\t\t\t\t<\/div>\n\t\t\t\t<div class=\"elementor-element elementor-element-2079a54 elementor-widget elementor-widget-text-editor\" data-id=\"2079a54\" data-element_type=\"widget\" data-widget_type=\"text-editor.default\">\n\t\t\t\t<div class=\"elementor-widget-container\">\n\t\t\t\t\t\t\t\t<p>OG-ONLINEANDGO.COM si impegna a rispettare il proprio obbligo di segretezza dei dati personali e il proprio dovere di conservarli, e adotter\u00e0 le misure tecniche e organizzative necessarie che garantiscano la sicurezza dei dati personali e ne evitino l&#8217;alterazione, la perdita, il trattamento o l&#8217;accesso non autorizzato , tenendo conto dello stato della tecnologia, in conformit\u00e0 con le disposizioni del RLOPD. Tuttavia, OG-ONLINEANDGO.COM non pu\u00f2 garantire l&#8217;assoluta inespugnabilit\u00e0 della rete Internet e quindi la violazione dei dati attraverso l&#8217;accesso fraudolento agli stessi da parte di terzi.<\/p>\t\t\t\t\t\t<\/div>\n\t\t\t\t<\/div>\n\t\t\t\t<div class=\"elementor-element elementor-element-3458403 elementor-widget elementor-widget-heading\" data-id=\"3458403\" data-element_type=\"widget\" data-widget_type=\"heading.default\">\n\t\t\t\t<div class=\"elementor-widget-container\">\n\t\t\t<h3 class=\"elementor-heading-title elementor-size-default\">NAVIGAZIONE<\/h3>\t\t<\/div>\n\t\t\t\t<\/div>\n\t\t\t\t<div class=\"elementor-element elementor-element-b715862 elementor-widget elementor-widget-text-editor\" data-id=\"b715862\" data-element_type=\"widget\" data-widget_type=\"text-editor.default\">\n\t\t\t\t<div class=\"elementor-widget-container\">\n\t\t\t\t\t\t\t\t<p>Durante la navigazione nelle nostre pagine web, i server Internet memorizzeranno il tuo indirizzo IP nei log di accesso automaticamente e con l&#8217;unico scopo di consentire il traffico Internet, essendo necessario che il tuo computer fornisca questo indirizzo IP durante la navigazione in Internet in modo che le comunicazioni possano essere fatto. Il tuo indirizzo IP verr\u00e0 inoltre utilizzato per compilare statistiche sul numero di visitatori di questo sito e sulla loro provenienza, in modo del tutto trasparente alla tua navigazione.<\/p>\t\t\t\t\t\t<\/div>\n\t\t\t\t<\/div>\n\t\t\t\t<div class=\"elementor-element elementor-element-045e6fa elementor-widget elementor-widget-heading\" data-id=\"045e6fa\" data-element_type=\"widget\" data-widget_type=\"heading.default\">\n\t\t\t\t<div class=\"elementor-widget-container\">\n\t\t\t<h3 class=\"elementor-heading-title elementor-size-default\">ESERCIZIO DEI DIRITTI DI ACCESSO, RETTIFICA, CANCELLAZIONE O OPPOSIZIONE.<\/h3>\t\t<\/div>\n\t\t\t\t<\/div>\n\t\t\t\t<div class=\"elementor-element elementor-element-7cf8d11 elementor-widget elementor-widget-text-editor\" data-id=\"7cf8d11\" data-element_type=\"widget\" data-widget_type=\"text-editor.default\">\n\t\t\t\t<div class=\"elementor-widget-container\">\n\t\t\t\t\t\t\t\t<p>Puoi indirizzare le tue comunicazioni ed esercitare i diritti di accesso, rettifica, cancellazione e opposizione tramite e-mail: og@onlineandgo.com insieme a una prova di legge valida, come una fotocopia del D.N.I. o equivalente, indicando nell&#8217;oggetto &#8220;PROTEZIONE DEI DATI&#8221;.<\/p>\t\t\t\t\t\t<\/div>\n\t\t\t\t<\/div>\n\t\t\t\t<div class=\"elementor-element elementor-element-e095f1e elementor-widget elementor-widget-heading\" data-id=\"e095f1e\" data-element_type=\"widget\" data-widget_type=\"heading.default\">\n\t\t\t\t<div class=\"elementor-widget-container\">\n\t\t\t<h3 class=\"elementor-heading-title elementor-size-default\">ACCETTAZIONE E CONSENSO.<\/h3>\t\t<\/div>\n\t\t\t\t<\/div>\n\t\t\t\t<div class=\"elementor-element elementor-element-18fcfff elementor-widget elementor-widget-text-editor\" data-id=\"18fcfff\" data-element_type=\"widget\" data-widget_type=\"text-editor.default\">\n\t\t\t\t<div class=\"elementor-widget-container\">\n\t\t\t\t\t\t\t\t<p>L&#8217;Utente dichiara di essere stato informato delle condizioni in materia di protezione dei dati personali, accettando e prestando il consenso al trattamento degli stessi da parte di OG-ONLINEANDGO.COM, nei modi e per le finalit\u00e0 indicate nella presente Privacy Policy.<\/p>\t\t\t\t\t\t<\/div>\n\t\t\t\t<\/div>\n\t\t\t\t<div class=\"elementor-element elementor-element-fb2c41a elementor-widget elementor-widget-heading\" data-id=\"fb2c41a\" data-element_type=\"widget\" data-widget_type=\"heading.default\">\n\t\t\t\t<div class=\"elementor-widget-container\">\n\t\t\t<h3 class=\"elementor-heading-title elementor-size-default\">POSTA COMMERCIALE.<\/h3>\t\t<\/div>\n\t\t\t\t<\/div>\n\t\t\t\t<div class=\"elementor-element elementor-element-a9b4230 elementor-widget elementor-widget-text-editor\" data-id=\"a9b4230\" data-element_type=\"widget\" data-widget_type=\"text-editor.default\">\n\t\t\t\t<div class=\"elementor-widget-container\">\n\t\t\t\t\t\t\t\t<p>In conformit\u00e0 con LSSICE, OG-ONLINEANDGO.COM non effettua pratiche di SPAM, quindi non invia email commerciali che non siano state preventivamente richieste o autorizzate dall&#8217;Utente. Conseguentemente, in ciascuno dei moduli previsti sul Sito, l&#8217;Utente ha la possibilit\u00e0 di prestare il proprio consenso espresso a ricevere la nostra \u201cNewsletter\u201d, indipendentemente dalle informazioni commerciali specificatamente richieste.<\/p>\t\t\t\t\t\t<\/div>\n\t\t\t\t<\/div>\n\t\t\t\t\t<\/div>\n\t\t<\/div>\n\t\t\t\t\t\t\t<\/div>\n\t\t<\/section>\n\t\t\t\t<section class=\"elementor-section elementor-top-section elementor-element elementor-element-870e9ec elementor-section-boxed elementor-section-height-default elementor-section-height-default\" data-id=\"870e9ec\" data-element_type=\"section\">\n\t\t\t\t\t\t<div class=\"elementor-container elementor-column-gap-default\">\n\t\t\t\t\t<div class=\"elementor-column elementor-col-100 elementor-top-column elementor-element elementor-element-fca5a26\" data-id=\"fca5a26\" data-element_type=\"column\">\n\t\t\t<div class=\"elementor-widget-wrap elementor-element-populated\">\n\t\t\t\t\t\t\t\t<div class=\"elementor-element elementor-element-eb99732 elementor-widget elementor-widget-spacer\" data-id=\"eb99732\" data-element_type=\"widget\" data-widget_type=\"spacer.default\">\n\t\t\t\t<div class=\"elementor-widget-container\">\n\t\t\t\t\t<div class=\"elementor-spacer\">\n\t\t\t<div class=\"elementor-spacer-inner\"><\/div>\n\t\t<\/div>\n\t\t\t\t<\/div>\n\t\t\t\t<\/div>\n\t\t\t\t\t<\/div>\n\t\t<\/div>\n\t\t\t\t\t\t\t<\/div>\n\t\t<\/section>\n\t\t\t\t\t\t<\/div>\n\t\t\t\t\t<\/div>\n\t\t","protected":false},"excerpt":{"rendered":"<p>REGISTRAZIONE DEI DATI PERSONALI Lo scopo di questa informativa \u00e8 informare gli utenti della Politica generale sulla privacy e sulla protezione dei dati personali seguita da OG-ONLINEANDGO.COM. La presente Informativa sulla privacy potrebbe variare a seconda dei requisiti legislativi o di autoregolamentazione, pertanto si consiglia agli utenti di visitarla periodicamente e sar\u00e0 applicabile nel caso [&hellip;]<\/p>\n","protected":false},"author":1,"featured_media":0,"parent":0,"menu_order":0,"comment_status":"closed","ping_status":"open","template":"","meta":[],"yoast_head":"<!-- This site is optimized with the Yoast SEO plugin v16.3 - https:\/\/yoast.com\/wordpress\/plugins\/seo\/ -->\n<title>Politica sulla riservatezza - OG Original<\/title>\n<meta name=\"robots\" content=\"noindex, follow, max-snippet:-1, max-image-preview:large, max-video-preview:-1\" \/>\n<meta property=\"og:locale\" content=\"it_IT\" \/>\n<meta property=\"og:type\" content=\"article\" \/>\n<meta property=\"og:title\" content=\"Politica sulla riservatezza - OG Original\" \/>\n<meta property=\"og:description\" content=\"REGISTRAZIONE DEI DATI PERSONALI Lo scopo di questa informativa \u00e8 informare gli utenti della Politica generale sulla privacy e sulla protezione dei dati personali seguita da OG-ONLINEANDGO.COM. La presente Informativa sulla privacy potrebbe variare a seconda dei requisiti legislativi o di autoregolamentazione, pertanto si consiglia agli utenti di visitarla periodicamente e sar\u00e0 applicabile nel caso [&hellip;]\" \/>\n<meta property=\"og:url\" content=\"https:\/\/og-onlineandgo.devcode.nl\/it\/politica-sulla-riservatezza\/\" \/>\n<meta property=\"og:site_name\" content=\"OG Original\" \/>\n<meta property=\"article:modified_time\" content=\"2021-05-13T14:43:56+00:00\" \/>\n<meta name=\"twitter:card\" content=\"summary_large_image\" \/>\n<meta name=\"twitter:label1\" content=\"Tempo di lettura stimato\">\n\t<meta name=\"twitter:data1\" content=\"3 minuti\">\n<script type=\"application\/ld+json\" class=\"yoast-schema-graph\">{\"@context\":\"https:\/\/schema.org\",\"@graph\":[{\"@type\":\"WebSite\",\"@id\":\"https:\/\/og-onlineandgo.devcode.nl\/#website\",\"url\":\"https:\/\/og-onlineandgo.devcode.nl\/\",\"name\":\"OG Original\",\"description\":\"Motorcycle backpacks\",\"potentialAction\":[{\"@type\":\"SearchAction\",\"target\":\"https:\/\/og-onlineandgo.devcode.nl\/?s={search_term_string}\",\"query-input\":\"required name=search_term_string\"}],\"inLanguage\":\"it-IT\"},{\"@type\":\"WebPage\",\"@id\":\"https:\/\/og-onlineandgo.devcode.nl\/it\/politica-sulla-riservatezza\/#webpage\",\"url\":\"https:\/\/og-onlineandgo.devcode.nl\/it\/politica-sulla-riservatezza\/\",\"name\":\"Politica sulla riservatezza - OG Original\",\"isPartOf\":{\"@id\":\"https:\/\/og-onlineandgo.devcode.nl\/#website\"},\"datePublished\":\"2021-04-12T13:35:30+00:00\",\"dateModified\":\"2021-05-13T14:43:56+00:00\",\"breadcrumb\":{\"@id\":\"https:\/\/og-onlineandgo.devcode.nl\/it\/politica-sulla-riservatezza\/#breadcrumb\"},\"inLanguage\":\"it-IT\",\"potentialAction\":[{\"@type\":\"ReadAction\",\"target\":[\"https:\/\/og-onlineandgo.devcode.nl\/it\/politica-sulla-riservatezza\/\"]}]},{\"@type\":\"BreadcrumbList\",\"@id\":\"https:\/\/og-onlineandgo.devcode.nl\/it\/politica-sulla-riservatezza\/#breadcrumb\",\"itemListElement\":[{\"@type\":\"ListItem\",\"position\":1,\"item\":{\"@type\":\"WebPage\",\"@id\":\"https:\/\/og-onlineandgo.devcode.nl\/it\/\",\"url\":\"https:\/\/og-onlineandgo.devcode.nl\/it\/\",\"name\":\"Home\"}},{\"@type\":\"ListItem\",\"position\":2,\"item\":{\"@id\":\"https:\/\/og-onlineandgo.devcode.nl\/it\/politica-sulla-riservatezza\/#webpage\"}}]}]}<\/script>\n<!-- \/ Yoast SEO plugin. -->","_links":{"self":[{"href":"https:\/\/og-onlineandgo.devcode.nl\/it\/wp-json\/wp\/v2\/pages\/7866"}],"collection":[{"href":"https:\/\/og-onlineandgo.devcode.nl\/it\/wp-json\/wp\/v2\/pages"}],"about":[{"href":"https:\/\/og-onlineandgo.devcode.nl\/it\/wp-json\/wp\/v2\/types\/page"}],"author":[{"embeddable":true,"href":"https:\/\/og-onlineandgo.devcode.nl\/it\/wp-json\/wp\/v2\/users\/1"}],"replies":[{"embeddable":true,"href":"https:\/\/og-onlineandgo.devcode.nl\/it\/wp-json\/wp\/v2\/comments?post=7866"}],"version-history":[{"count":4,"href":"https:\/\/og-onlineandgo.devcode.nl\/it\/wp-json\/wp\/v2\/pages\/7866\/revisions"}],"predecessor-version":[{"id":7870,"href":"https:\/\/og-onlineandgo.devcode.nl\/it\/wp-json\/wp\/v2\/pages\/7866\/revisions\/7870"}],"wp:attachment":[{"href":"https:\/\/og-onlineandgo.devcode.nl\/it\/wp-json\/wp\/v2\/media?parent=7866"}],"curies":[{"name":"wp","href":"https:\/\/api.w.org\/{rel}","templated":true}]}}