{"id":666,"date":"2021-04-22T12:36:58","date_gmt":"2021-04-22T10:36:59","guid":{"rendered":"https:\/\/og-onlineandgo.devcode.nl\/?post_type=product&#038;p=666"},"modified":"2021-05-13T14:00:50","modified_gmt":"2021-05-13T12:00:50","slug":"getaway","status":"publish","type":"product","link":"https:\/\/og-onlineandgo.devcode.nl\/fr\/produit\/getaway\/","title":{"rendered":"GETAWAY"},"content":{"rendered":"","protected":false},"excerpt":{"rendered":"<p><b>R\u00c9SISTANT ET EXTENSIBLE 35L\/45L<br \/>\n<\/b>Grande Capacit\u00e9\u2026 Capable de transporter jusqu\u2019\u00e0\u00a0<strong>DEUX<\/strong>\u00a0casques \u00e0 la fois.<\/p>\n<p><b><strong>\u00c9QUIPEMENT:<\/strong><br \/>\n<\/b><strong>Syst\u00e8me<\/strong>\u00a0<strong>DHT<\/strong>, Int\u00e9rieur Extensible, R\u00e9sistant \u00e0 l\u2019Eau et \u00e0 l\u2019Usure, Housse Imperm\u00e9able, Compartiment de Rangement Portable de 17 pouces, Bandes R\u00e9fl\u00e9chissantes, Dos et Poign\u00e9es respirants, Sangles de Poitrine et de Taille R\u00e9glables, Connexion USB, Poches Lat\u00e9rales, Sangle \u00e0 Bagages, Coque Rigide Textur\u00e9e en Fibre de Carbone.<\/p>\n","protected":false},"featured_media":7775,"comment_status":"closed","ping_status":"closed","template":"","meta":[],"yoast_head":"<!-- This site is optimized with the Yoast SEO plugin v16.3 - https:\/\/yoast.com\/wordpress\/plugins\/seo\/ -->\n<title>GETAWAY - OG Original<\/title>\n<meta name=\"robots\" content=\"noindex, follow, max-snippet:-1, max-image-preview:large, max-video-preview:-1\" \/>\n<meta property=\"og:locale\" content=\"fr_FR\" \/>\n<meta property=\"og:type\" content=\"article\" \/>\n<meta property=\"og:title\" content=\"GETAWAY - OG Original\" \/>\n<meta property=\"og:description\" content=\"R\u00c9SISTANT ET EXTENSIBLE 35L\/45L Grande Capacit\u00e9\u2026 Capable de transporter jusqu\u2019\u00e0\u00a0DEUX\u00a0casques \u00e0 la fois.  \u00c9QUIPEMENT: Syst\u00e8me\u00a0DHT, Int\u00e9rieur Extensible, R\u00e9sistant \u00e0 l\u2019Eau et \u00e0 l\u2019Usure, Housse Imperm\u00e9able, Compartiment de Rangement Portable de 17 pouces, Bandes R\u00e9fl\u00e9chissantes, Dos et Poign\u00e9es respirants, Sangles de Poitrine et de Taille R\u00e9glables, Connexion USB, Poches Lat\u00e9rales, Sangle \u00e0 Bagages, Coque Rigide Textur\u00e9e en Fibre de Carbone.\" \/>\n<meta property=\"og:url\" content=\"https:\/\/og-onlineandgo.devcode.nl\/fr\/produit\/getaway\/\" \/>\n<meta property=\"og:site_name\" content=\"OG Original\" \/>\n<meta property=\"article:modified_time\" content=\"2021-05-13T12:00:50+00:00\" \/>\n<meta property=\"og:image\" content=\"https:\/\/og-onlineandgo.devcode.nl\/wp-content\/uploads\/2021\/04\/getaway_01_trans.png\" \/>\n\t<meta property=\"og:image:width\" content=\"723\" \/>\n\t<meta property=\"og:image:height\" content=\"850\" \/>\n<meta name=\"twitter:card\" content=\"summary_large_image\" \/>\n<script type=\"application\/ld+json\" class=\"yoast-schema-graph\">{\"@context\":\"https:\/\/schema.org\",\"@graph\":[{\"@type\":\"WebSite\",\"@id\":\"https:\/\/og-onlineandgo.devcode.nl\/#website\",\"url\":\"https:\/\/og-onlineandgo.devcode.nl\/\",\"name\":\"OG Original\",\"description\":\"Motorcycle backpacks\",\"potentialAction\":[{\"@type\":\"SearchAction\",\"target\":\"https:\/\/og-onlineandgo.devcode.nl\/?s={search_term_string}\",\"query-input\":\"required name=search_term_string\"}],\"inLanguage\":\"fr-FR\"},{\"@type\":\"ImageObject\",\"@id\":\"https:\/\/og-onlineandgo.devcode.nl\/fr\/produit\/getaway\/#primaryimage\",\"inLanguage\":\"fr-FR\",\"url\":\"https:\/\/og-onlineandgo.devcode.nl\/wp-content\/uploads\/2021\/04\/Getaway_Related.png\",\"contentUrl\":\"https:\/\/og-onlineandgo.devcode.nl\/wp-content\/uploads\/2021\/04\/Getaway_Related.png\",\"width\":255,\"height\":300},{\"@type\":\"WebPage\",\"@id\":\"https:\/\/og-onlineandgo.devcode.nl\/fr\/produit\/getaway\/#webpage\",\"url\":\"https:\/\/og-onlineandgo.devcode.nl\/fr\/produit\/getaway\/\",\"name\":\"GETAWAY - OG Original\",\"isPartOf\":{\"@id\":\"https:\/\/og-onlineandgo.devcode.nl\/#website\"},\"primaryImageOfPage\":{\"@id\":\"https:\/\/og-onlineandgo.devcode.nl\/fr\/produit\/getaway\/#primaryimage\"},\"datePublished\":\"2021-04-22T10:36:59+00:00\",\"dateModified\":\"2021-05-13T12:00:50+00:00\",\"breadcrumb\":{\"@id\":\"https:\/\/og-onlineandgo.devcode.nl\/fr\/produit\/getaway\/#breadcrumb\"},\"inLanguage\":\"fr-FR\",\"potentialAction\":[{\"@type\":\"ReadAction\",\"target\":[\"https:\/\/og-onlineandgo.devcode.nl\/fr\/produit\/getaway\/\"]}]},{\"@type\":\"BreadcrumbList\",\"@id\":\"https:\/\/og-onlineandgo.devcode.nl\/fr\/produit\/getaway\/#breadcrumb\",\"itemListElement\":[{\"@type\":\"ListItem\",\"position\":1,\"item\":{\"@type\":\"WebPage\",\"@id\":\"https:\/\/og-onlineandgo.devcode.nl\/fr\/\",\"url\":\"https:\/\/og-onlineandgo.devcode.nl\/fr\/\",\"name\":\"Home\"}},{\"@type\":\"ListItem\",\"position\":2,\"item\":{\"@type\":\"WebPage\",\"@id\":\"https:\/\/og-onlineandgo.devcode.nl\/boutique\/\",\"url\":\"https:\/\/og-onlineandgo.devcode.nl\/boutique\/\",\"name\":\"Boutique\"}},{\"@type\":\"ListItem\",\"position\":3,\"item\":{\"@id\":\"https:\/\/og-onlineandgo.devcode.nl\/fr\/produit\/getaway\/#webpage\"}}]}]}<\/script>\n<!-- \/ Yoast SEO plugin. -->","_links":{"self":[{"href":"https:\/\/og-onlineandgo.devcode.nl\/fr\/wp-json\/wp\/v2\/product\/666"}],"collection":[{"href":"https:\/\/og-onlineandgo.devcode.nl\/fr\/wp-json\/wp\/v2\/product"}],"about":[{"href":"https:\/\/og-onlineandgo.devcode.nl\/fr\/wp-json\/wp\/v2\/types\/product"}],"replies":[{"embeddable":true,"href":"https:\/\/og-onlineandgo.devcode.nl\/fr\/wp-json\/wp\/v2\/comments?post=666"}],"wp:featuredmedia":[{"embeddable":true,"href":"https:\/\/og-onlineandgo.devcode.nl\/fr\/wp-json\/wp\/v2\/media\/7775"}],"wp:attachment":[{"href":"https:\/\/og-onlineandgo.devcode.nl\/fr\/wp-json\/wp\/v2\/media?parent=666"}],"curies":[{"name":"wp","href":"https:\/\/api.w.org\/{rel}","templated":true}]}}