{"id":1938,"date":"2021-04-27T00:26:59","date_gmt":"2021-04-26T22:26:59","guid":{"rendered":"https:\/\/og-onlineandgo.devcode.nl\/product\/ez-rider2-blanco\/"},"modified":"2021-05-17T10:07:44","modified_gmt":"2021-05-17T08:07:44","slug":"ez-rider2-blanc","status":"publish","type":"product","link":"https:\/\/og-onlineandgo.devcode.nl\/fr\/produit\/ez-rider2-blanc\/","title":{"rendered":"EZ_Rider 2 Logo Blanc"},"content":{"rendered":"","protected":false},"excerpt":{"rendered":"<p><strong>FIABLE ET S\u00c9CURIS\u00c9<\/strong><b>\u00a024l.<br \/>\n<\/b>avec un\u00a0<strong>Dossier ergonomique en Panneau EVA<\/strong>\u00a0et des\u00a0<strong>Sangles de Poitrine\/Taille r\u00e9glables<\/strong>. Capable de transporter jusqu\u2019\u00e0\u00a0<strong>DEUX<\/strong>\u00a0casques \u00e0 la fois.<\/p>\n<p><strong>\u00c9QUIPEMENT:<\/strong><br \/>\n<b>Syst\u00e8me DHT<\/b>, R\u00e9sistant \u00e0 l\u2019Eau et \u00e0 l\u2019Usure, Compartiment Portable de 15 pouces, Bandes R\u00e9fl\u00e9chissantes, Support du Panel EVA, Sangles de Poitrine et de Taille R\u00e9glables.<\/p>\n","protected":false},"featured_media":7805,"comment_status":"closed","ping_status":"closed","template":"","meta":[],"yoast_head":"<!-- This site is optimized with the Yoast SEO plugin v16.3 - https:\/\/yoast.com\/wordpress\/plugins\/seo\/ -->\n<title>EZ_Rider 2 Logo Blanc - OG Original<\/title>\n<meta name=\"robots\" content=\"noindex, follow, max-snippet:-1, max-image-preview:large, max-video-preview:-1\" \/>\n<meta property=\"og:locale\" content=\"fr_FR\" \/>\n<meta property=\"og:type\" content=\"article\" \/>\n<meta property=\"og:title\" content=\"EZ_Rider 2 Logo Blanc - OG Original\" \/>\n<meta property=\"og:description\" content=\"FIABLE ET S\u00c9CURIS\u00c9\u00a024l. avec un\u00a0Dossier ergonomique en Panneau EVA\u00a0et des\u00a0Sangles de Poitrine\/Taille r\u00e9glables. Capable de transporter jusqu\u2019\u00e0\u00a0DEUX\u00a0casques \u00e0 la fois.  \u00c9QUIPEMENT: Syst\u00e8me DHT, R\u00e9sistant \u00e0 l\u2019Eau et \u00e0 l\u2019Usure, Compartiment Portable de 15 pouces, Bandes R\u00e9fl\u00e9chissantes, Support du Panel EVA, Sangles de Poitrine et de Taille R\u00e9glables.\" \/>\n<meta property=\"og:url\" content=\"https:\/\/og-onlineandgo.devcode.nl\/fr\/produit\/ez-rider2-blanc\/\" \/>\n<meta property=\"og:site_name\" content=\"OG Original\" \/>\n<meta property=\"article:modified_time\" content=\"2021-05-17T08:07:44+00:00\" \/>\n<meta property=\"og:image\" content=\"https:\/\/og-onlineandgo.devcode.nl\/wp-content\/uploads\/2021\/04\/EZ_Rider2White_Related.png\" \/>\n\t<meta property=\"og:image:width\" content=\"255\" \/>\n\t<meta property=\"og:image:height\" content=\"300\" \/>\n<meta name=\"twitter:card\" content=\"summary_large_image\" \/>\n<script type=\"application\/ld+json\" class=\"yoast-schema-graph\">{\"@context\":\"https:\/\/schema.org\",\"@graph\":[{\"@type\":\"WebSite\",\"@id\":\"https:\/\/og-onlineandgo.devcode.nl\/#website\",\"url\":\"https:\/\/og-onlineandgo.devcode.nl\/\",\"name\":\"OG Original\",\"description\":\"Motorcycle backpacks\",\"potentialAction\":[{\"@type\":\"SearchAction\",\"target\":\"https:\/\/og-onlineandgo.devcode.nl\/?s={search_term_string}\",\"query-input\":\"required name=search_term_string\"}],\"inLanguage\":\"fr-FR\"},{\"@type\":\"ImageObject\",\"@id\":\"https:\/\/og-onlineandgo.devcode.nl\/fr\/produit\/ez-rider2-blanc\/#primaryimage\",\"inLanguage\":\"fr-FR\",\"url\":\"https:\/\/og-onlineandgo.devcode.nl\/wp-content\/uploads\/2021\/04\/EZ_Rider2White_Related.png\",\"contentUrl\":\"https:\/\/og-onlineandgo.devcode.nl\/wp-content\/uploads\/2021\/04\/EZ_Rider2White_Related.png\",\"width\":255,\"height\":300},{\"@type\":\"WebPage\",\"@id\":\"https:\/\/og-onlineandgo.devcode.nl\/fr\/produit\/ez-rider2-blanc\/#webpage\",\"url\":\"https:\/\/og-onlineandgo.devcode.nl\/fr\/produit\/ez-rider2-blanc\/\",\"name\":\"EZ_Rider 2 Logo Blanc - OG Original\",\"isPartOf\":{\"@id\":\"https:\/\/og-onlineandgo.devcode.nl\/#website\"},\"primaryImageOfPage\":{\"@id\":\"https:\/\/og-onlineandgo.devcode.nl\/fr\/produit\/ez-rider2-blanc\/#primaryimage\"},\"datePublished\":\"2021-04-26T22:26:59+00:00\",\"dateModified\":\"2021-05-17T08:07:44+00:00\",\"breadcrumb\":{\"@id\":\"https:\/\/og-onlineandgo.devcode.nl\/fr\/produit\/ez-rider2-blanc\/#breadcrumb\"},\"inLanguage\":\"fr-FR\",\"potentialAction\":[{\"@type\":\"ReadAction\",\"target\":[\"https:\/\/og-onlineandgo.devcode.nl\/fr\/produit\/ez-rider2-blanc\/\"]}]},{\"@type\":\"BreadcrumbList\",\"@id\":\"https:\/\/og-onlineandgo.devcode.nl\/fr\/produit\/ez-rider2-blanc\/#breadcrumb\",\"itemListElement\":[{\"@type\":\"ListItem\",\"position\":1,\"item\":{\"@type\":\"WebPage\",\"@id\":\"https:\/\/og-onlineandgo.devcode.nl\/fr\/\",\"url\":\"https:\/\/og-onlineandgo.devcode.nl\/fr\/\",\"name\":\"Home\"}},{\"@type\":\"ListItem\",\"position\":2,\"item\":{\"@type\":\"WebPage\",\"@id\":\"https:\/\/og-onlineandgo.devcode.nl\/boutique\/\",\"url\":\"https:\/\/og-onlineandgo.devcode.nl\/boutique\/\",\"name\":\"Boutique\"}},{\"@type\":\"ListItem\",\"position\":3,\"item\":{\"@id\":\"https:\/\/og-onlineandgo.devcode.nl\/fr\/produit\/ez-rider2-blanc\/#webpage\"}}]}]}<\/script>\n<!-- \/ Yoast SEO plugin. -->","_links":{"self":[{"href":"https:\/\/og-onlineandgo.devcode.nl\/fr\/wp-json\/wp\/v2\/product\/1938"}],"collection":[{"href":"https:\/\/og-onlineandgo.devcode.nl\/fr\/wp-json\/wp\/v2\/product"}],"about":[{"href":"https:\/\/og-onlineandgo.devcode.nl\/fr\/wp-json\/wp\/v2\/types\/product"}],"replies":[{"embeddable":true,"href":"https:\/\/og-onlineandgo.devcode.nl\/fr\/wp-json\/wp\/v2\/comments?post=1938"}],"wp:featuredmedia":[{"embeddable":true,"href":"https:\/\/og-onlineandgo.devcode.nl\/fr\/wp-json\/wp\/v2\/media\/7805"}],"wp:attachment":[{"href":"https:\/\/og-onlineandgo.devcode.nl\/fr\/wp-json\/wp\/v2\/media?parent=1938"}],"curies":[{"name":"wp","href":"https:\/\/api.w.org\/{rel}","templated":true}]}}