{"id":1713,"date":"2021-04-25T01:09:23","date_gmt":"2021-04-24T23:09:23","guid":{"rendered":"https:\/\/og-onlineandgo.devcode.nl\/product\/roadrunner\/"},"modified":"2021-04-26T20:27:31","modified_gmt":"2021-04-26T18:27:31","slug":"roadrunner","status":"publish","type":"product","link":"https:\/\/og-onlineandgo.devcode.nl\/fr\/produit\/roadrunner\/","title":{"rendered":"RoadRunner"},"content":{"rendered":"","protected":false},"excerpt":{"rendered":"<p><b>L\u00c9GER, SOUPLE ET DE PETITE TAILLE 20l.<br \/>\n<\/b>Avec une\u00a0<strong>Housse de Pluie Imperm\u00e9able<\/strong>\u2026 Capable de transporter jusqu\u2019\u00e0\u00a0<strong>DEUX<\/strong>\u00a0casques \u00e0 la fois.<\/p>\n<p><strong>\u00c9QUIPEMENT:<\/strong><br \/>\n<strong>Syst\u00e8me DHT<\/strong>, Pochette Antivol, R\u00e9sistant \u00e0 l\u2019Eau et \u00e0 l\u2019Usure, Fermetures \u00e9clair \u00e9tanches, Housse imperm\u00e9able, Compartiment portable de 13 pouces, Bandes r\u00e9fl\u00e9chissantes, Sangles de poitrine et de taille r\u00e9glables, Sangle de Bagage.<\/p>\n","protected":false},"featured_media":7795,"comment_status":"closed","ping_status":"closed","template":"","meta":[],"yoast_head":"<!-- This site is optimized with the Yoast SEO plugin v16.3 - https:\/\/yoast.com\/wordpress\/plugins\/seo\/ -->\n<title>RoadRunner - OG Original<\/title>\n<meta name=\"robots\" content=\"noindex, follow, max-snippet:-1, max-image-preview:large, max-video-preview:-1\" \/>\n<meta property=\"og:locale\" content=\"fr_FR\" \/>\n<meta property=\"og:type\" content=\"article\" \/>\n<meta property=\"og:title\" content=\"RoadRunner - OG Original\" \/>\n<meta property=\"og:description\" content=\"L\u00c9GER, SOUPLE ET DE PETITE TAILLE 20l. Avec une\u00a0Housse de Pluie Imperm\u00e9able\u2026 Capable de transporter jusqu\u2019\u00e0\u00a0DEUX\u00a0casques \u00e0 la fois.  \u00c9QUIPEMENT: Syst\u00e8me DHT, Pochette Antivol, R\u00e9sistant \u00e0 l\u2019Eau et \u00e0 l\u2019Usure, Fermetures \u00e9clair \u00e9tanches, Housse imperm\u00e9able, Compartiment portable de 13 pouces, Bandes r\u00e9fl\u00e9chissantes, Sangles de poitrine et de taille r\u00e9glables, Sangle de Bagage.\" \/>\n<meta property=\"og:url\" content=\"https:\/\/og-onlineandgo.devcode.nl\/fr\/produit\/roadrunner\/\" \/>\n<meta property=\"og:site_name\" content=\"OG Original\" \/>\n<meta property=\"article:modified_time\" content=\"2021-04-26T18:27:31+00:00\" \/>\n<meta property=\"og:image\" content=\"https:\/\/og-onlineandgo.devcode.nl\/wp-content\/uploads\/2021\/04\/roadrunner1.png\" \/>\n\t<meta property=\"og:image:width\" content=\"723\" \/>\n\t<meta property=\"og:image:height\" content=\"850\" \/>\n<meta name=\"twitter:card\" content=\"summary_large_image\" \/>\n<script type=\"application\/ld+json\" class=\"yoast-schema-graph\">{\"@context\":\"https:\/\/schema.org\",\"@graph\":[{\"@type\":\"WebSite\",\"@id\":\"https:\/\/og-onlineandgo.devcode.nl\/#website\",\"url\":\"https:\/\/og-onlineandgo.devcode.nl\/\",\"name\":\"OG Original\",\"description\":\"Motorcycle backpacks\",\"potentialAction\":[{\"@type\":\"SearchAction\",\"target\":\"https:\/\/og-onlineandgo.devcode.nl\/?s={search_term_string}\",\"query-input\":\"required name=search_term_string\"}],\"inLanguage\":\"fr-FR\"},{\"@type\":\"ImageObject\",\"@id\":\"https:\/\/og-onlineandgo.devcode.nl\/fr\/produit\/roadrunner\/#primaryimage\",\"inLanguage\":\"fr-FR\",\"url\":\"https:\/\/og-onlineandgo.devcode.nl\/wp-content\/uploads\/2021\/04\/Roadrunner_Related.png\",\"contentUrl\":\"https:\/\/og-onlineandgo.devcode.nl\/wp-content\/uploads\/2021\/04\/Roadrunner_Related.png\",\"width\":255,\"height\":300},{\"@type\":\"WebPage\",\"@id\":\"https:\/\/og-onlineandgo.devcode.nl\/fr\/produit\/roadrunner\/#webpage\",\"url\":\"https:\/\/og-onlineandgo.devcode.nl\/fr\/produit\/roadrunner\/\",\"name\":\"RoadRunner - OG Original\",\"isPartOf\":{\"@id\":\"https:\/\/og-onlineandgo.devcode.nl\/#website\"},\"primaryImageOfPage\":{\"@id\":\"https:\/\/og-onlineandgo.devcode.nl\/fr\/produit\/roadrunner\/#primaryimage\"},\"datePublished\":\"2021-04-24T23:09:23+00:00\",\"dateModified\":\"2021-04-26T18:27:31+00:00\",\"breadcrumb\":{\"@id\":\"https:\/\/og-onlineandgo.devcode.nl\/fr\/produit\/roadrunner\/#breadcrumb\"},\"inLanguage\":\"fr-FR\",\"potentialAction\":[{\"@type\":\"ReadAction\",\"target\":[\"https:\/\/og-onlineandgo.devcode.nl\/fr\/produit\/roadrunner\/\"]}]},{\"@type\":\"BreadcrumbList\",\"@id\":\"https:\/\/og-onlineandgo.devcode.nl\/fr\/produit\/roadrunner\/#breadcrumb\",\"itemListElement\":[{\"@type\":\"ListItem\",\"position\":1,\"item\":{\"@type\":\"WebPage\",\"@id\":\"https:\/\/og-onlineandgo.devcode.nl\/fr\/\",\"url\":\"https:\/\/og-onlineandgo.devcode.nl\/fr\/\",\"name\":\"Home\"}},{\"@type\":\"ListItem\",\"position\":2,\"item\":{\"@type\":\"WebPage\",\"@id\":\"https:\/\/og-onlineandgo.devcode.nl\/boutique\/\",\"url\":\"https:\/\/og-onlineandgo.devcode.nl\/boutique\/\",\"name\":\"Boutique\"}},{\"@type\":\"ListItem\",\"position\":3,\"item\":{\"@id\":\"https:\/\/og-onlineandgo.devcode.nl\/fr\/produit\/roadrunner\/#webpage\"}}]}]}<\/script>\n<!-- \/ Yoast SEO plugin. -->","_links":{"self":[{"href":"https:\/\/og-onlineandgo.devcode.nl\/fr\/wp-json\/wp\/v2\/product\/1713"}],"collection":[{"href":"https:\/\/og-onlineandgo.devcode.nl\/fr\/wp-json\/wp\/v2\/product"}],"about":[{"href":"https:\/\/og-onlineandgo.devcode.nl\/fr\/wp-json\/wp\/v2\/types\/product"}],"replies":[{"embeddable":true,"href":"https:\/\/og-onlineandgo.devcode.nl\/fr\/wp-json\/wp\/v2\/comments?post=1713"}],"wp:featuredmedia":[{"embeddable":true,"href":"https:\/\/og-onlineandgo.devcode.nl\/fr\/wp-json\/wp\/v2\/media\/7795"}],"wp:attachment":[{"href":"https:\/\/og-onlineandgo.devcode.nl\/fr\/wp-json\/wp\/v2\/media?parent=1713"}],"curies":[{"name":"wp","href":"https:\/\/api.w.org\/{rel}","templated":true}]}}