{"id":1325,"date":"2021-04-24T22:47:11","date_gmt":"2021-04-24T20:47:11","guid":{"rendered":"https:\/\/og-onlineandgo.devcode.nl\/product\/dht-go\/"},"modified":"2021-04-24T22:50:34","modified_gmt":"2021-04-24T20:50:34","slug":"dht-go","status":"publish","type":"product","link":"https:\/\/og-onlineandgo.devcode.nl\/fr\/produit\/dht-go\/","title":{"rendered":"DHT_GO"},"content":{"rendered":"","protected":false},"excerpt":{"rendered":"<p><b>COMPACT ET \u00c9L\u00c9GANT 20l.<br \/>\n<\/b>avec\u00a0<strong>Ouverture pour Poche \u00e0 Eau et\/ou des \u00c9couteurs<\/strong>\u00a0et\u00a0<strong>Housse de Pluie \u00c9tanche<\/strong>\u2026 Capable de transporter jusqu\u2019\u00e0\u00a0<strong>DEUX<\/strong>\u00a0casques \u00e0 la fois.<\/p>\n<p><strong>\u00c9QUIPEMENT:<\/strong><br \/>\n<b>Syst\u00e8me DHT<\/b>, R\u00e9sistant \u00e0 l\u2019Eau et \u00e0 l\u2019Usure, Housse Imperm\u00e9able, Compartiment de Rangement Portable de 15 pouces, Bandes R\u00e9fl\u00e9chissantes, Dos et Poign\u00e9es respirants, Sangles de Poitrine et de Taille R\u00e9glables, Ouverture pour Hydratation\/\u00c9couteurs, Deux Poches Lat\u00e9rales.<\/p>\n","protected":false},"featured_media":7790,"comment_status":"closed","ping_status":"closed","template":"","meta":[],"yoast_head":"<!-- This site is optimized with the Yoast SEO plugin v16.3 - https:\/\/yoast.com\/wordpress\/plugins\/seo\/ -->\n<title>DHT_GO - OG Original<\/title>\n<meta name=\"robots\" content=\"noindex, follow, max-snippet:-1, max-image-preview:large, max-video-preview:-1\" \/>\n<meta property=\"og:locale\" content=\"fr_FR\" \/>\n<meta property=\"og:type\" content=\"article\" \/>\n<meta property=\"og:title\" content=\"DHT_GO - OG Original\" \/>\n<meta property=\"og:description\" content=\"COMPACT ET \u00c9L\u00c9GANT 20l. avec\u00a0Ouverture pour Poche \u00e0 Eau et\/ou des \u00c9couteurs\u00a0et\u00a0Housse de Pluie \u00c9tanche\u2026 Capable de transporter jusqu\u2019\u00e0\u00a0DEUX\u00a0casques \u00e0 la fois.  \u00c9QUIPEMENT: Syst\u00e8me DHT, R\u00e9sistant \u00e0 l\u2019Eau et \u00e0 l\u2019Usure, Housse Imperm\u00e9able, Compartiment de Rangement Portable de 15 pouces, Bandes R\u00e9fl\u00e9chissantes, Dos et Poign\u00e9es respirants, Sangles de Poitrine et de Taille R\u00e9glables, Ouverture pour Hydratation\/\u00c9couteurs, Deux Poches Lat\u00e9rales.\" \/>\n<meta property=\"og:url\" content=\"https:\/\/og-onlineandgo.devcode.nl\/fr\/produit\/dht-go\/\" \/>\n<meta property=\"og:site_name\" content=\"OG Original\" \/>\n<meta property=\"article:modified_time\" content=\"2021-04-24T20:50:34+00:00\" \/>\n<meta property=\"og:image\" content=\"https:\/\/og-onlineandgo.devcode.nl\/wp-content\/uploads\/2021\/04\/dhtgo1.png\" \/>\n\t<meta property=\"og:image:width\" content=\"723\" \/>\n\t<meta property=\"og:image:height\" content=\"850\" \/>\n<meta name=\"twitter:card\" content=\"summary_large_image\" \/>\n<script type=\"application\/ld+json\" class=\"yoast-schema-graph\">{\"@context\":\"https:\/\/schema.org\",\"@graph\":[{\"@type\":\"WebSite\",\"@id\":\"https:\/\/og-onlineandgo.devcode.nl\/#website\",\"url\":\"https:\/\/og-onlineandgo.devcode.nl\/\",\"name\":\"OG Original\",\"description\":\"Motorcycle backpacks\",\"potentialAction\":[{\"@type\":\"SearchAction\",\"target\":\"https:\/\/og-onlineandgo.devcode.nl\/?s={search_term_string}\",\"query-input\":\"required name=search_term_string\"}],\"inLanguage\":\"fr-FR\"},{\"@type\":\"ImageObject\",\"@id\":\"https:\/\/og-onlineandgo.devcode.nl\/fr\/produit\/dht-go\/#primaryimage\",\"inLanguage\":\"fr-FR\",\"url\":\"https:\/\/og-onlineandgo.devcode.nl\/wp-content\/uploads\/2021\/04\/DHTGO_Related.png\",\"contentUrl\":\"https:\/\/og-onlineandgo.devcode.nl\/wp-content\/uploads\/2021\/04\/DHTGO_Related.png\",\"width\":255,\"height\":300},{\"@type\":\"WebPage\",\"@id\":\"https:\/\/og-onlineandgo.devcode.nl\/fr\/produit\/dht-go\/#webpage\",\"url\":\"https:\/\/og-onlineandgo.devcode.nl\/fr\/produit\/dht-go\/\",\"name\":\"DHT_GO - OG Original\",\"isPartOf\":{\"@id\":\"https:\/\/og-onlineandgo.devcode.nl\/#website\"},\"primaryImageOfPage\":{\"@id\":\"https:\/\/og-onlineandgo.devcode.nl\/fr\/produit\/dht-go\/#primaryimage\"},\"datePublished\":\"2021-04-24T20:47:11+00:00\",\"dateModified\":\"2021-04-24T20:50:34+00:00\",\"breadcrumb\":{\"@id\":\"https:\/\/og-onlineandgo.devcode.nl\/fr\/produit\/dht-go\/#breadcrumb\"},\"inLanguage\":\"fr-FR\",\"potentialAction\":[{\"@type\":\"ReadAction\",\"target\":[\"https:\/\/og-onlineandgo.devcode.nl\/fr\/produit\/dht-go\/\"]}]},{\"@type\":\"BreadcrumbList\",\"@id\":\"https:\/\/og-onlineandgo.devcode.nl\/fr\/produit\/dht-go\/#breadcrumb\",\"itemListElement\":[{\"@type\":\"ListItem\",\"position\":1,\"item\":{\"@type\":\"WebPage\",\"@id\":\"https:\/\/og-onlineandgo.devcode.nl\/fr\/\",\"url\":\"https:\/\/og-onlineandgo.devcode.nl\/fr\/\",\"name\":\"Home\"}},{\"@type\":\"ListItem\",\"position\":2,\"item\":{\"@type\":\"WebPage\",\"@id\":\"https:\/\/og-onlineandgo.devcode.nl\/boutique\/\",\"url\":\"https:\/\/og-onlineandgo.devcode.nl\/boutique\/\",\"name\":\"Boutique\"}},{\"@type\":\"ListItem\",\"position\":3,\"item\":{\"@id\":\"https:\/\/og-onlineandgo.devcode.nl\/fr\/produit\/dht-go\/#webpage\"}}]}]}<\/script>\n<!-- \/ Yoast SEO plugin. -->","_links":{"self":[{"href":"https:\/\/og-onlineandgo.devcode.nl\/fr\/wp-json\/wp\/v2\/product\/1325"}],"collection":[{"href":"https:\/\/og-onlineandgo.devcode.nl\/fr\/wp-json\/wp\/v2\/product"}],"about":[{"href":"https:\/\/og-onlineandgo.devcode.nl\/fr\/wp-json\/wp\/v2\/types\/product"}],"replies":[{"embeddable":true,"href":"https:\/\/og-onlineandgo.devcode.nl\/fr\/wp-json\/wp\/v2\/comments?post=1325"}],"wp:featuredmedia":[{"embeddable":true,"href":"https:\/\/og-onlineandgo.devcode.nl\/fr\/wp-json\/wp\/v2\/media\/7790"}],"wp:attachment":[{"href":"https:\/\/og-onlineandgo.devcode.nl\/fr\/wp-json\/wp\/v2\/media?parent=1325"}],"curies":[{"name":"wp","href":"https:\/\/api.w.org\/{rel}","templated":true}]}}