{"id":1151,"date":"2021-04-23T00:01:09","date_gmt":"2021-04-22T22:01:09","guid":{"rendered":"https:\/\/og-onlineandgo.devcode.nl\/product\/ez_riderpro-noir\/"},"modified":"2021-04-23T00:01:09","modified_gmt":"2021-04-22T22:01:09","slug":"ez_riderpro-noir","status":"publish","type":"product","link":"https:\/\/og-onlineandgo.devcode.nl\/fr\/produit\/ez_riderpro-noir\/","title":{"rendered":"EZ_Rider PRO black logo"},"content":{"rendered":"","protected":false},"excerpt":{"rendered":"<p><b>DESIGN D\u00c9CONTRACT\u00c9 ET EXTENSIBLE 28-35l.<br \/>\n<\/b>avec\u00a0<strong>TROIS<\/strong>\u00a0fa\u00e7ons diff\u00e9rentes de transporter votre Casque et, si n\u00e9cessaire,\u00a0<strong>DEUX<\/strong>\u00a0\u00e0 la fois.<\/p>\n<p><strong>\u00c9QUIPEMENT:<\/strong><br \/>\n<b>Syst\u00e8me DHT<\/b>, R\u00e9sistant \u00e0 l\u2019Eau et \u00e0 l\u2019Usure, Compartiment Portable de 15 pouces, Bandes R\u00e9fl\u00e9chissantes, Support du Panel EVA, Sangles de Poitrine et de Taille R\u00e9glables, Housse Imperm\u00e9able Amovible<\/p>\n","protected":false},"featured_media":7780,"comment_status":"closed","ping_status":"closed","template":"","meta":[],"yoast_head":"<!-- This site is optimized with the Yoast SEO plugin v16.3 - https:\/\/yoast.com\/wordpress\/plugins\/seo\/ -->\n<title>EZ_Rider PRO black logo - OG Original<\/title>\n<meta name=\"robots\" content=\"noindex, follow, max-snippet:-1, max-image-preview:large, max-video-preview:-1\" \/>\n<meta property=\"og:locale\" content=\"fr_FR\" \/>\n<meta property=\"og:type\" content=\"article\" \/>\n<meta property=\"og:title\" content=\"EZ_Rider PRO black logo - OG Original\" \/>\n<meta property=\"og:description\" content=\"DESIGN D\u00c9CONTRACT\u00c9 ET EXTENSIBLE 28-35l. avec\u00a0TROIS\u00a0fa\u00e7ons diff\u00e9rentes de transporter votre Casque et, si n\u00e9cessaire,\u00a0DEUX\u00a0\u00e0 la fois.  \u00c9QUIPEMENT: Syst\u00e8me DHT, R\u00e9sistant \u00e0 l\u2019Eau et \u00e0 l\u2019Usure, Compartiment Portable de 15 pouces, Bandes R\u00e9fl\u00e9chissantes, Support du Panel EVA, Sangles de Poitrine et de Taille R\u00e9glables, Housse Imperm\u00e9able Amovible\" \/>\n<meta property=\"og:url\" content=\"https:\/\/og-onlineandgo.devcode.nl\/fr\/produit\/ez_riderpro-noir\/\" \/>\n<meta property=\"og:site_name\" content=\"OG Original\" \/>\n<meta property=\"og:image\" content=\"https:\/\/og-onlineandgo.devcode.nl\/wp-content\/uploads\/2021\/04\/ezriderproblack1.png\" \/>\n\t<meta property=\"og:image:width\" content=\"723\" \/>\n\t<meta property=\"og:image:height\" content=\"850\" \/>\n<meta name=\"twitter:card\" content=\"summary_large_image\" \/>\n<script type=\"application\/ld+json\" class=\"yoast-schema-graph\">{\"@context\":\"https:\/\/schema.org\",\"@graph\":[{\"@type\":\"WebSite\",\"@id\":\"https:\/\/og-onlineandgo.devcode.nl\/#website\",\"url\":\"https:\/\/og-onlineandgo.devcode.nl\/\",\"name\":\"OG Original\",\"description\":\"Motorcycle backpacks\",\"potentialAction\":[{\"@type\":\"SearchAction\",\"target\":\"https:\/\/og-onlineandgo.devcode.nl\/?s={search_term_string}\",\"query-input\":\"required name=search_term_string\"}],\"inLanguage\":\"fr-FR\"},{\"@type\":\"ImageObject\",\"@id\":\"https:\/\/og-onlineandgo.devcode.nl\/fr\/produit\/ez_riderpro-noir\/#primaryimage\",\"inLanguage\":\"fr-FR\",\"url\":\"https:\/\/og-onlineandgo.devcode.nl\/wp-content\/uploads\/2021\/04\/EZ_RiderPROBlack_Related.png\",\"contentUrl\":\"https:\/\/og-onlineandgo.devcode.nl\/wp-content\/uploads\/2021\/04\/EZ_RiderPROBlack_Related.png\",\"width\":255,\"height\":300},{\"@type\":\"WebPage\",\"@id\":\"https:\/\/og-onlineandgo.devcode.nl\/fr\/produit\/ez_riderpro-noir\/#webpage\",\"url\":\"https:\/\/og-onlineandgo.devcode.nl\/fr\/produit\/ez_riderpro-noir\/\",\"name\":\"EZ_Rider PRO black logo - OG Original\",\"isPartOf\":{\"@id\":\"https:\/\/og-onlineandgo.devcode.nl\/#website\"},\"primaryImageOfPage\":{\"@id\":\"https:\/\/og-onlineandgo.devcode.nl\/fr\/produit\/ez_riderpro-noir\/#primaryimage\"},\"datePublished\":\"2021-04-22T22:01:09+00:00\",\"dateModified\":\"2021-04-22T22:01:09+00:00\",\"breadcrumb\":{\"@id\":\"https:\/\/og-onlineandgo.devcode.nl\/fr\/produit\/ez_riderpro-noir\/#breadcrumb\"},\"inLanguage\":\"fr-FR\",\"potentialAction\":[{\"@type\":\"ReadAction\",\"target\":[\"https:\/\/og-onlineandgo.devcode.nl\/fr\/produit\/ez_riderpro-noir\/\"]}]},{\"@type\":\"BreadcrumbList\",\"@id\":\"https:\/\/og-onlineandgo.devcode.nl\/fr\/produit\/ez_riderpro-noir\/#breadcrumb\",\"itemListElement\":[{\"@type\":\"ListItem\",\"position\":1,\"item\":{\"@type\":\"WebPage\",\"@id\":\"https:\/\/og-onlineandgo.devcode.nl\/fr\/\",\"url\":\"https:\/\/og-onlineandgo.devcode.nl\/fr\/\",\"name\":\"Home\"}},{\"@type\":\"ListItem\",\"position\":2,\"item\":{\"@type\":\"WebPage\",\"@id\":\"https:\/\/og-onlineandgo.devcode.nl\/boutique\/\",\"url\":\"https:\/\/og-onlineandgo.devcode.nl\/boutique\/\",\"name\":\"Boutique\"}},{\"@type\":\"ListItem\",\"position\":3,\"item\":{\"@id\":\"https:\/\/og-onlineandgo.devcode.nl\/fr\/produit\/ez_riderpro-noir\/#webpage\"}}]}]}<\/script>\n<!-- \/ Yoast SEO plugin. -->","_links":{"self":[{"href":"https:\/\/og-onlineandgo.devcode.nl\/fr\/wp-json\/wp\/v2\/product\/1151"}],"collection":[{"href":"https:\/\/og-onlineandgo.devcode.nl\/fr\/wp-json\/wp\/v2\/product"}],"about":[{"href":"https:\/\/og-onlineandgo.devcode.nl\/fr\/wp-json\/wp\/v2\/types\/product"}],"replies":[{"embeddable":true,"href":"https:\/\/og-onlineandgo.devcode.nl\/fr\/wp-json\/wp\/v2\/comments?post=1151"}],"wp:featuredmedia":[{"embeddable":true,"href":"https:\/\/og-onlineandgo.devcode.nl\/fr\/wp-json\/wp\/v2\/media\/7780"}],"wp:attachment":[{"href":"https:\/\/og-onlineandgo.devcode.nl\/fr\/wp-json\/wp\/v2\/media?parent=1151"}],"curies":[{"name":"wp","href":"https:\/\/api.w.org\/{rel}","templated":true}]}}