{"id":7856,"date":"2021-04-12T13:35:30","date_gmt":"2021-04-12T13:35:30","guid":{"rendered":"https:\/\/og-onlineandgo.devcode.nl\/privacy-policy\/"},"modified":"2021-05-13T16:32:28","modified_gmt":"2021-05-13T14:32:28","slug":"politique-de-confidentialite","status":"publish","type":"page","link":"https:\/\/og-onlineandgo.devcode.nl\/fr\/politique-de-confidentialite\/","title":{"rendered":"Politique de confidentialit\u00e9"},"content":{"rendered":"\t\t<div data-elementor-type=\"wp-page\" data-elementor-id=\"7856\" class=\"elementor elementor-7856 elementor-3\" data-elementor-settings=\"[]\">\n\t\t\t\t\t\t\t<div class=\"elementor-section-wrap\">\n\t\t\t\t\t\t\t<section class=\"elementor-section elementor-top-section elementor-element elementor-element-7d13070 elementor-section-boxed elementor-section-height-default elementor-section-height-default\" data-id=\"7d13070\" data-element_type=\"section\">\n\t\t\t\t\t\t<div class=\"elementor-container elementor-column-gap-default\">\n\t\t\t\t\t<div class=\"elementor-column elementor-col-100 elementor-top-column elementor-element elementor-element-7fd9e0a\" data-id=\"7fd9e0a\" data-element_type=\"column\">\n\t\t\t<div class=\"elementor-widget-wrap elementor-element-populated\">\n\t\t\t\t\t\t\t\t<div class=\"elementor-element elementor-element-2cc0de5 elementor-widget elementor-widget-spacer\" data-id=\"2cc0de5\" data-element_type=\"widget\" data-widget_type=\"spacer.default\">\n\t\t\t\t<div class=\"elementor-widget-container\">\n\t\t\t\t\t<div class=\"elementor-spacer\">\n\t\t\t<div class=\"elementor-spacer-inner\"><\/div>\n\t\t<\/div>\n\t\t\t\t<\/div>\n\t\t\t\t<\/div>\n\t\t\t\t\t<\/div>\n\t\t<\/div>\n\t\t\t\t\t\t\t<\/div>\n\t\t<\/section>\n\t\t\t\t<section class=\"elementor-section elementor-top-section elementor-element elementor-element-522f040 elementor-section-boxed elementor-section-height-default elementor-section-height-default\" data-id=\"522f040\" data-element_type=\"section\">\n\t\t\t\t\t\t<div class=\"elementor-container elementor-column-gap-default\">\n\t\t\t\t\t<div class=\"elementor-column elementor-col-100 elementor-top-column elementor-element elementor-element-fe5e610\" data-id=\"fe5e610\" data-element_type=\"column\">\n\t\t\t<div class=\"elementor-widget-wrap elementor-element-populated\">\n\t\t\t\t\t\t\t\t<div class=\"elementor-element elementor-element-1e1a696 elementor-widget elementor-widget-heading\" data-id=\"1e1a696\" data-element_type=\"widget\" data-widget_type=\"heading.default\">\n\t\t\t\t<div class=\"elementor-widget-container\">\n\t\t\t<h2 class=\"elementor-heading-title elementor-size-default\">REGISTRO DE DATOS DE CAR\u00c1CTER PERSONAL<\/h2>\t\t<\/div>\n\t\t\t\t<\/div>\n\t\t\t\t<div class=\"elementor-element elementor-element-92b9f64 elementor-widget elementor-widget-text-editor\" data-id=\"92b9f64\" data-element_type=\"widget\" data-widget_type=\"text-editor.default\">\n\t\t\t\t<div class=\"elementor-widget-container\">\n\t\t\t\t\t\t\t\t<p>Le but de cette d\u00e9claration est d&#8217;informer les utilisateurs de la politique g\u00e9n\u00e9rale de confidentialit\u00e9 et de protection des donn\u00e9es personnelles suivie par OG-ONLINEANDGO.COM.<\/p><p>Cette politique de confidentialit\u00e9 peut varier en fonction des exigences l\u00e9gislatives ou d&#8217;autor\u00e9gulation, il est donc conseill\u00e9 aux utilisateurs de la visiter p\u00e9riodiquement. nature personnelle.<\/p><p>Lorsque vous utilisez les formulaires de contact, vous remarquerez que certains champs, tels que le nom ou l&#8217;adresse e-mail, sont marqu\u00e9s d&#8217;un ast\u00e9risque (*); Cela signifie que ces champs sont obligatoires et que le formulaire ne pourra pas \u00eatre soumis si vous laissez ces champs vides. Vous pouvez exercer les droits d&#8217;acc\u00e8s, de rectification, annulation et opposition en \u00e9crivant \u00e0 l&#8217;adresse du responsable indiqu\u00e9 ci-dessus, en suivant les formalit\u00e9s impos\u00e9es par la loi organique 15\/1999, du 13 d\u00e9cembre, sur la protection des donn\u00e9es personnelles et son r\u00e8glement. d\u00e9veloppemental.<\/p><p>L&#8217;envoi de donn\u00e9es personnelles est obligatoire pour contacter et r\u00e9aliser des op\u00e9rations commerciales avec OG-ONLINEANDGO.COM.<\/p><p>De m\u00eame, ne pas fournir les donn\u00e9es personnelles demand\u00e9es ou n&#8217;accepter cette politique de confidentialit\u00e9 signifie qu&#8217;il est impossible de s&#8217;abonner et de traiter les demandes effectu\u00e9es sur notre portail.<\/p>\t\t\t\t\t\t<\/div>\n\t\t\t\t<\/div>\n\t\t\t\t\t<\/div>\n\t\t<\/div>\n\t\t\t\t\t\t\t<\/div>\n\t\t<\/section>\n\t\t\t\t<section class=\"elementor-section elementor-top-section elementor-element elementor-element-914eea2 elementor-section-boxed elementor-section-height-default elementor-section-height-default\" data-id=\"914eea2\" data-element_type=\"section\">\n\t\t\t\t\t\t<div class=\"elementor-container elementor-column-gap-default\">\n\t\t\t\t\t<div class=\"elementor-column elementor-col-100 elementor-top-column elementor-element elementor-element-871690e\" data-id=\"871690e\" data-element_type=\"column\">\n\t\t\t<div class=\"elementor-widget-wrap elementor-element-populated\">\n\t\t\t\t\t\t\t\t<div class=\"elementor-element elementor-element-eaba05f elementor-widget elementor-widget-heading\" data-id=\"eaba05f\" data-element_type=\"widget\" data-widget_type=\"heading.default\">\n\t\t\t\t<div class=\"elementor-widget-container\">\n\t\t\t<h2 class=\"elementor-heading-title elementor-size-default\">UTILISATION ET TRAITEMENT DES DONN\u00c9ES UTILISATEUR<\/h2>\t\t<\/div>\n\t\t\t\t<\/div>\n\t\t\t\t<div class=\"elementor-element elementor-element-a2fae59 elementor-widget elementor-widget-text-editor\" data-id=\"a2fae59\" data-element_type=\"widget\" data-widget_type=\"text-editor.default\">\n\t\t\t\t<div class=\"elementor-widget-container\">\n\t\t\t\t\t\t\t\t<p>OG-ONLINEANDGO.COM est pleinement conscient de l&#8217;utilisation et du traitement qui doivent \u00eatre donn\u00e9s aux donn\u00e9es personnelles qui peuvent \u00eatre requises ou qui peuvent \u00eatre obtenues aupr\u00e8s des utilisateurs sur ses pages Web afin de g\u00e9rer les demandes ou services requis. A aucun moment vous ne ferez un autre usage de ces informations ou ne partagerez les donn\u00e9es des utilisateurs avec des tiers.<\/p>\t\t\t\t\t\t<\/div>\n\t\t\t\t<\/div>\n\t\t\t\t<div class=\"elementor-element elementor-element-d13c19c elementor-widget elementor-widget-heading\" data-id=\"d13c19c\" data-element_type=\"widget\" data-widget_type=\"heading.default\">\n\t\t\t\t<div class=\"elementor-widget-container\">\n\t\t\t<h3 class=\"elementor-heading-title elementor-size-default\">SECRET ET S\u00c9CURIT\u00c9 DES DONN\u00c9ES.<\/h3>\t\t<\/div>\n\t\t\t\t<\/div>\n\t\t\t\t<div class=\"elementor-element elementor-element-2079a54 elementor-widget elementor-widget-text-editor\" data-id=\"2079a54\" data-element_type=\"widget\" data-widget_type=\"text-editor.default\">\n\t\t\t\t<div class=\"elementor-widget-container\">\n\t\t\t\t\t\t\t\t<p>OG-ONLINEANDGO.COM s&#8217;engage \u00e0 respecter son obligation de secret des donn\u00e9es personnelles et son devoir de conservation, et adoptera les mesures techniques et organisationnelles n\u00e9cessaires qui garantissent la s\u00e9curit\u00e9 des donn\u00e9es personnelles et \u00e9vitent leur alt\u00e9ration, perte, traitement ou acc\u00e8s non autoris\u00e9 , en tenant compte de l&#8217;\u00e9tat de la technologie, conform\u00e9ment aux dispositions du RLOPD. Cependant, OG-ONLINEANDGO.COM ne peut garantir l&#8217;impr\u00e9gnabilit\u00e9 absolue du r\u00e9seau Internet et donc la violation des donn\u00e9es par un acc\u00e8s frauduleux \u00e0 celles-ci par des tiers.<\/p>\t\t\t\t\t\t<\/div>\n\t\t\t\t<\/div>\n\t\t\t\t<div class=\"elementor-element elementor-element-3458403 elementor-widget elementor-widget-heading\" data-id=\"3458403\" data-element_type=\"widget\" data-widget_type=\"heading.default\">\n\t\t\t\t<div class=\"elementor-widget-container\">\n\t\t\t<h3 class=\"elementor-heading-title elementor-size-default\">LA NAVIGATION<\/h3>\t\t<\/div>\n\t\t\t\t<\/div>\n\t\t\t\t<div class=\"elementor-element elementor-element-b715862 elementor-widget elementor-widget-text-editor\" data-id=\"b715862\" data-element_type=\"widget\" data-widget_type=\"text-editor.default\">\n\t\t\t\t<div class=\"elementor-widget-container\">\n\t\t\t\t\t\t\t\t<p>Lors de la navigation sur nos pages Web, les serveurs Internet enregistreront automatiquement votre adresse IP dans les journaux d&#8217;acc\u00e8s et dans le seul but d&#8217;autoriser le trafic Internet, il est n\u00e9cessaire que votre ordinateur fournisse cette adresse IP lors de la navigation sur Internet afin que les communications puissent \u00eatre fait. Votre adresse IP sera \u00e9galement utilis\u00e9e pour \u00e9tablir des statistiques sur le nombre de visiteurs de ce site et leur origine, de mani\u00e8re totalement transparente \u00e0 votre navigation.<\/p>\t\t\t\t\t\t<\/div>\n\t\t\t\t<\/div>\n\t\t\t\t<div class=\"elementor-element elementor-element-045e6fa elementor-widget elementor-widget-heading\" data-id=\"045e6fa\" data-element_type=\"widget\" data-widget_type=\"heading.default\">\n\t\t\t\t<div class=\"elementor-widget-container\">\n\t\t\t<h3 class=\"elementor-heading-title elementor-size-default\">EXERCICE DES DROITS D'ACC\u00c8S, DE RECTIFICATION, D'ANNULATION OU D'OPPOSITION.<\/h3>\t\t<\/div>\n\t\t\t\t<\/div>\n\t\t\t\t<div class=\"elementor-element elementor-element-7cf8d11 elementor-widget elementor-widget-text-editor\" data-id=\"7cf8d11\" data-element_type=\"widget\" data-widget_type=\"text-editor.default\">\n\t\t\t\t<div class=\"elementor-widget-container\">\n\t\t\t\t\t\t\t\t<p>Vous pouvez diriger vos communications et exercer les droits d&#8217;acc\u00e8s, de rectification, d&#8217;annulation et d&#8217;opposition par courrier \u00e9lectronique: og@onlineandgo.com accompagn\u00e9 d&#8217;une preuve valide en droit, telle qu&#8217;une photocopie du D.N.I. ou \u00e9quivalent, en indiquant dans le sujet &#8220;PROTECTION DES DONN\u00c9ES&#8221;.<\/p>\t\t\t\t\t\t<\/div>\n\t\t\t\t<\/div>\n\t\t\t\t<div class=\"elementor-element elementor-element-e095f1e elementor-widget elementor-widget-heading\" data-id=\"e095f1e\" data-element_type=\"widget\" data-widget_type=\"heading.default\">\n\t\t\t\t<div class=\"elementor-widget-container\">\n\t\t\t<h3 class=\"elementor-heading-title elementor-size-default\">ACCEPTATION ET CONSENTEMENT.<\/h3>\t\t<\/div>\n\t\t\t\t<\/div>\n\t\t\t\t<div class=\"elementor-element elementor-element-18fcfff elementor-widget elementor-widget-text-editor\" data-id=\"18fcfff\" data-element_type=\"widget\" data-widget_type=\"text-editor.default\">\n\t\t\t\t<div class=\"elementor-widget-container\">\n\t\t\t\t\t\t\t\t<p>L&#8217;Utilisateur d\u00e9clare avoir \u00e9t\u00e9 inform\u00e9 des conditions de protection des donn\u00e9es personnelles, en acceptant et en consentant \u00e0 leur traitement par OG-ONLINEANDGO.COM, de la mani\u00e8re et aux fins indiqu\u00e9es dans la pr\u00e9sente Politique de Confidentialit\u00e9.<\/p>\t\t\t\t\t\t<\/div>\n\t\t\t\t<\/div>\n\t\t\t\t<div class=\"elementor-element elementor-element-fb2c41a elementor-widget elementor-widget-heading\" data-id=\"fb2c41a\" data-element_type=\"widget\" data-widget_type=\"heading.default\">\n\t\t\t\t<div class=\"elementor-widget-container\">\n\t\t\t<h3 class=\"elementor-heading-title elementor-size-default\">COURRIER COMMERCIAL.<\/h3>\t\t<\/div>\n\t\t\t\t<\/div>\n\t\t\t\t<div class=\"elementor-element elementor-element-a9b4230 elementor-widget elementor-widget-text-editor\" data-id=\"a9b4230\" data-element_type=\"widget\" data-widget_type=\"text-editor.default\">\n\t\t\t\t<div class=\"elementor-widget-container\">\n\t\t\t\t\t\t\t\t<p>Conform\u00e9ment \u00e0 la LSSICE, OG-ONLINEANDGO.COM ne pratique pas de SPAM, il n&#8217;envoie donc pas d&#8217;e-mails commerciaux qui n&#8217;auraient pas \u00e9t\u00e9 pr\u00e9alablement demand\u00e9s ou autoris\u00e9s par l&#8217;Utilisateur. En cons\u00e9quence, dans chacun des formulaires mis \u00e0 disposition sur le Site, l&#8217;Utilisateur a la possibilit\u00e9 de donner son consentement expr\u00e8s pour recevoir notre \u00abNewsletter\u00bb, quelles que soient les informations commerciales sp\u00e9cifiquement demand\u00e9es.<\/p>\t\t\t\t\t\t<\/div>\n\t\t\t\t<\/div>\n\t\t\t\t\t<\/div>\n\t\t<\/div>\n\t\t\t\t\t\t\t<\/div>\n\t\t<\/section>\n\t\t\t\t<section class=\"elementor-section elementor-top-section elementor-element elementor-element-870e9ec elementor-section-boxed elementor-section-height-default elementor-section-height-default\" data-id=\"870e9ec\" data-element_type=\"section\">\n\t\t\t\t\t\t<div class=\"elementor-container elementor-column-gap-default\">\n\t\t\t\t\t<div class=\"elementor-column elementor-col-100 elementor-top-column elementor-element elementor-element-fca5a26\" data-id=\"fca5a26\" data-element_type=\"column\">\n\t\t\t<div class=\"elementor-widget-wrap elementor-element-populated\">\n\t\t\t\t\t\t\t\t<div class=\"elementor-element elementor-element-eb99732 elementor-widget elementor-widget-spacer\" data-id=\"eb99732\" data-element_type=\"widget\" data-widget_type=\"spacer.default\">\n\t\t\t\t<div class=\"elementor-widget-container\">\n\t\t\t\t\t<div class=\"elementor-spacer\">\n\t\t\t<div class=\"elementor-spacer-inner\"><\/div>\n\t\t<\/div>\n\t\t\t\t<\/div>\n\t\t\t\t<\/div>\n\t\t\t\t\t<\/div>\n\t\t<\/div>\n\t\t\t\t\t\t\t<\/div>\n\t\t<\/section>\n\t\t\t\t\t\t<\/div>\n\t\t\t\t\t<\/div>\n\t\t","protected":false},"excerpt":{"rendered":"<p>REGISTRO DE DATOS DE CAR\u00c1CTER PERSONAL Le but de cette d\u00e9claration est d&#8217;informer les utilisateurs de la politique g\u00e9n\u00e9rale de confidentialit\u00e9 et de protection des donn\u00e9es personnelles suivie par OG-ONLINEANDGO.COM. Cette politique de confidentialit\u00e9 peut varier en fonction des exigences l\u00e9gislatives ou d&#8217;autor\u00e9gulation, il est donc conseill\u00e9 aux utilisateurs de la visiter p\u00e9riodiquement. nature personnelle. [&hellip;]<\/p>\n","protected":false},"author":1,"featured_media":0,"parent":0,"menu_order":0,"comment_status":"closed","ping_status":"open","template":"","meta":[],"yoast_head":"<!-- This site is optimized with the Yoast SEO plugin v16.3 - https:\/\/yoast.com\/wordpress\/plugins\/seo\/ -->\n<title>Politique de confidentialit\u00e9 - OG Original<\/title>\n<meta name=\"robots\" content=\"noindex, follow, max-snippet:-1, max-image-preview:large, max-video-preview:-1\" \/>\n<meta property=\"og:locale\" content=\"fr_FR\" \/>\n<meta property=\"og:type\" content=\"article\" \/>\n<meta property=\"og:title\" content=\"Politique de confidentialit\u00e9 - OG Original\" \/>\n<meta property=\"og:description\" content=\"REGISTRO DE DATOS DE CAR\u00c1CTER PERSONAL Le but de cette d\u00e9claration est d&#8217;informer les utilisateurs de la politique g\u00e9n\u00e9rale de confidentialit\u00e9 et de protection des donn\u00e9es personnelles suivie par OG-ONLINEANDGO.COM. Cette politique de confidentialit\u00e9 peut varier en fonction des exigences l\u00e9gislatives ou d&#8217;autor\u00e9gulation, il est donc conseill\u00e9 aux utilisateurs de la visiter p\u00e9riodiquement. nature personnelle. [&hellip;]\" \/>\n<meta property=\"og:url\" content=\"https:\/\/og-onlineandgo.devcode.nl\/fr\/politique-de-confidentialite\/\" \/>\n<meta property=\"og:site_name\" content=\"OG Original\" \/>\n<meta property=\"article:modified_time\" content=\"2021-05-13T14:32:28+00:00\" \/>\n<meta name=\"twitter:card\" content=\"summary_large_image\" \/>\n<meta name=\"twitter:label1\" content=\"Dur\u00e9e de lecture est.\">\n\t<meta name=\"twitter:data1\" content=\"3 minutes\">\n<script type=\"application\/ld+json\" class=\"yoast-schema-graph\">{\"@context\":\"https:\/\/schema.org\",\"@graph\":[{\"@type\":\"WebSite\",\"@id\":\"https:\/\/og-onlineandgo.devcode.nl\/#website\",\"url\":\"https:\/\/og-onlineandgo.devcode.nl\/\",\"name\":\"OG Original\",\"description\":\"Motorcycle backpacks\",\"potentialAction\":[{\"@type\":\"SearchAction\",\"target\":\"https:\/\/og-onlineandgo.devcode.nl\/?s={search_term_string}\",\"query-input\":\"required name=search_term_string\"}],\"inLanguage\":\"fr-FR\"},{\"@type\":\"WebPage\",\"@id\":\"https:\/\/og-onlineandgo.devcode.nl\/fr\/politique-de-confidentialite\/#webpage\",\"url\":\"https:\/\/og-onlineandgo.devcode.nl\/fr\/politique-de-confidentialite\/\",\"name\":\"Politique de confidentialit\\u00e9 - OG Original\",\"isPartOf\":{\"@id\":\"https:\/\/og-onlineandgo.devcode.nl\/#website\"},\"datePublished\":\"2021-04-12T13:35:30+00:00\",\"dateModified\":\"2021-05-13T14:32:28+00:00\",\"breadcrumb\":{\"@id\":\"https:\/\/og-onlineandgo.devcode.nl\/fr\/politique-de-confidentialite\/#breadcrumb\"},\"inLanguage\":\"fr-FR\",\"potentialAction\":[{\"@type\":\"ReadAction\",\"target\":[\"https:\/\/og-onlineandgo.devcode.nl\/fr\/politique-de-confidentialite\/\"]}]},{\"@type\":\"BreadcrumbList\",\"@id\":\"https:\/\/og-onlineandgo.devcode.nl\/fr\/politique-de-confidentialite\/#breadcrumb\",\"itemListElement\":[{\"@type\":\"ListItem\",\"position\":1,\"item\":{\"@type\":\"WebPage\",\"@id\":\"https:\/\/og-onlineandgo.devcode.nl\/fr\/\",\"url\":\"https:\/\/og-onlineandgo.devcode.nl\/fr\/\",\"name\":\"Home\"}},{\"@type\":\"ListItem\",\"position\":2,\"item\":{\"@id\":\"https:\/\/og-onlineandgo.devcode.nl\/fr\/politique-de-confidentialite\/#webpage\"}}]}]}<\/script>\n<!-- \/ Yoast SEO plugin. -->","_links":{"self":[{"href":"https:\/\/og-onlineandgo.devcode.nl\/fr\/wp-json\/wp\/v2\/pages\/7856"}],"collection":[{"href":"https:\/\/og-onlineandgo.devcode.nl\/fr\/wp-json\/wp\/v2\/pages"}],"about":[{"href":"https:\/\/og-onlineandgo.devcode.nl\/fr\/wp-json\/wp\/v2\/types\/page"}],"author":[{"embeddable":true,"href":"https:\/\/og-onlineandgo.devcode.nl\/fr\/wp-json\/wp\/v2\/users\/1"}],"replies":[{"embeddable":true,"href":"https:\/\/og-onlineandgo.devcode.nl\/fr\/wp-json\/wp\/v2\/comments?post=7856"}],"version-history":[{"count":4,"href":"https:\/\/og-onlineandgo.devcode.nl\/fr\/wp-json\/wp\/v2\/pages\/7856\/revisions"}],"predecessor-version":[{"id":7860,"href":"https:\/\/og-onlineandgo.devcode.nl\/fr\/wp-json\/wp\/v2\/pages\/7856\/revisions\/7860"}],"wp:attachment":[{"href":"https:\/\/og-onlineandgo.devcode.nl\/fr\/wp-json\/wp\/v2\/media?parent=7856"}],"curies":[{"name":"wp","href":"https:\/\/api.w.org\/{rel}","templated":true}]}}