{"id":5560,"date":"2021-05-06T15:21:19","date_gmt":"2021-05-06T13:21:19","guid":{"rendered":"https:\/\/og-onlineandgo.devcode.nl\/guarantee-100\/"},"modified":"2021-05-06T15:32:53","modified_gmt":"2021-05-06T13:32:53","slug":"garantie-100","status":"publish","type":"page","link":"https:\/\/og-onlineandgo.devcode.nl\/fr\/garantie-100\/","title":{"rendered":"Garantie 100"},"content":{"rendered":"\t\t<div data-elementor-type=\"wp-page\" data-elementor-id=\"5560\" class=\"elementor elementor-5560 elementor-5542\" data-elementor-settings=\"[]\">\n\t\t\t\t\t\t\t<div class=\"elementor-section-wrap\">\n\t\t\t\t\t\t\t<section class=\"elementor-section elementor-top-section elementor-element elementor-element-a710580 elementor-section-boxed elementor-section-height-default elementor-section-height-default\" data-id=\"a710580\" data-element_type=\"section\">\n\t\t\t\t\t\t<div class=\"elementor-container elementor-column-gap-default\">\n\t\t\t\t\t<div class=\"elementor-column elementor-col-100 elementor-top-column elementor-element elementor-element-7b133bd\" data-id=\"7b133bd\" data-element_type=\"column\">\n\t\t\t<div class=\"elementor-widget-wrap elementor-element-populated\">\n\t\t\t\t\t\t\t\t<div class=\"elementor-element elementor-element-cc923e2 elementor-widget elementor-widget-spacer\" data-id=\"cc923e2\" data-element_type=\"widget\" data-widget_type=\"spacer.default\">\n\t\t\t\t<div class=\"elementor-widget-container\">\n\t\t\t\t\t<div class=\"elementor-spacer\">\n\t\t\t<div class=\"elementor-spacer-inner\"><\/div>\n\t\t<\/div>\n\t\t\t\t<\/div>\n\t\t\t\t<\/div>\n\t\t\t\t\t<\/div>\n\t\t<\/div>\n\t\t\t\t\t\t\t<\/div>\n\t\t<\/section>\n\t\t\t\t<section class=\"elementor-section elementor-top-section elementor-element elementor-element-fc93cd9 elementor-section-boxed elementor-section-height-default elementor-section-height-default\" data-id=\"fc93cd9\" data-element_type=\"section\">\n\t\t\t\t\t\t<div class=\"elementor-container elementor-column-gap-default\">\n\t\t\t\t\t<div class=\"elementor-column elementor-col-100 elementor-top-column elementor-element elementor-element-969d86b\" data-id=\"969d86b\" data-element_type=\"column\">\n\t\t\t<div class=\"elementor-widget-wrap elementor-element-populated\">\n\t\t\t\t\t\t\t\t<div class=\"elementor-element elementor-element-338c64b elementor-widget elementor-widget-heading\" data-id=\"338c64b\" data-element_type=\"widget\" data-widget_type=\"heading.default\">\n\t\t\t\t<div class=\"elementor-widget-container\">\n\t\t\t<h2 class=\"elementor-heading-title elementor-size-default\">GARANTIE 100% SATISFAIT <\/h2>\t\t<\/div>\n\t\t\t\t<\/div>\n\t\t\t\t\t<\/div>\n\t\t<\/div>\n\t\t\t\t\t\t\t<\/div>\n\t\t<\/section>\n\t\t\t\t<section class=\"elementor-section elementor-top-section elementor-element elementor-element-3d40166 elementor-section-boxed elementor-section-height-default elementor-section-height-default\" data-id=\"3d40166\" data-element_type=\"section\">\n\t\t\t\t\t\t<div class=\"elementor-container elementor-column-gap-default\">\n\t\t\t\t\t<div class=\"elementor-column elementor-col-100 elementor-top-column elementor-element elementor-element-d1696f9\" data-id=\"d1696f9\" data-element_type=\"column\">\n\t\t\t<div class=\"elementor-widget-wrap elementor-element-populated\">\n\t\t\t\t\t\t\t\t<div class=\"elementor-element elementor-element-8ab234c elementor-widget elementor-widget-text-editor\" data-id=\"8ab234c\" data-element_type=\"widget\" data-widget_type=\"text-editor.default\">\n\t\t\t\t<div class=\"elementor-widget-container\">\n\t\t\t\t\t\t\t\t<ul><li>Si vous n\u2019\u00eates pas satisfait du produit, nous le remplacerons ou rembourserons votre achat sans condition.<\/li><li>Garantie sous r\u00e9serve d\u2019achats effectu\u00e9s aupr\u00e8s de revendeurs agr\u00e9\u00e9s.<\/li><li>Tous les produits OG Online &amp; Go ont une garantie l\u00e9gale compl\u00e8te de DEUX ANS pour les d\u00e9fauts de mat\u00e9riaux et de fabrication.<\/li><li>Cette garantie couvre tous les produits OG contre les d\u00e9fauts de fabrication ou de mat\u00e9riaux.<\/li><li>Si le produit est endommag\u00e9 \u00e0 la suite d\u2019une d\u00e9faillance des proc\u00e9d\u00e9s de fabrication ou d\u2019un mat\u00e9riau d\u00e9fectueux, OG Online &amp; Go le remplacera sans condition par un autre produit de la m\u00eame cat\u00e9gorie ou remboursera le montant pay\u00e9.<\/li><\/ul>\t\t\t\t\t\t<\/div>\n\t\t\t\t<\/div>\n\t\t\t\t\t<\/div>\n\t\t<\/div>\n\t\t\t\t\t\t\t<\/div>\n\t\t<\/section>\n\t\t\t\t<section class=\"elementor-section elementor-top-section elementor-element elementor-element-8be77ef elementor-section-boxed elementor-section-height-default elementor-section-height-default\" data-id=\"8be77ef\" data-element_type=\"section\">\n\t\t\t\t\t\t<div class=\"elementor-container elementor-column-gap-default\">\n\t\t\t\t\t<div class=\"elementor-column elementor-col-100 elementor-top-column elementor-element elementor-element-b575906\" data-id=\"b575906\" data-element_type=\"column\">\n\t\t\t<div class=\"elementor-widget-wrap elementor-element-populated\">\n\t\t\t\t\t\t\t\t<div class=\"elementor-element elementor-element-cf3377e elementor-widget elementor-widget-text-editor\" data-id=\"cf3377e\" data-element_type=\"widget\" data-widget_type=\"text-editor.default\">\n\t\t\t\t<div class=\"elementor-widget-container\">\n\t\t\t\t\t\t\t\tLa garantie ne couvre pas les cas suivants :\n\n\t\t\t\t\t\t<\/div>\n\t\t\t\t<\/div>\n\t\t\t\t\t<\/div>\n\t\t<\/div>\n\t\t\t\t\t\t\t<\/div>\n\t\t<\/section>\n\t\t\t\t<section class=\"elementor-section elementor-top-section elementor-element elementor-element-d928e39 elementor-section-boxed elementor-section-height-default elementor-section-height-default\" data-id=\"d928e39\" data-element_type=\"section\">\n\t\t\t\t\t\t<div class=\"elementor-container elementor-column-gap-default\">\n\t\t\t\t\t<div class=\"elementor-column elementor-col-50 elementor-top-column elementor-element elementor-element-7393a00\" data-id=\"7393a00\" data-element_type=\"column\">\n\t\t\t<div class=\"elementor-widget-wrap elementor-element-populated\">\n\t\t\t\t\t\t\t\t<div class=\"elementor-element elementor-element-19ee17b elementor-widget elementor-widget-text-editor\" data-id=\"19ee17b\" data-element_type=\"widget\" data-widget_type=\"text-editor.default\">\n\t\t\t\t<div class=\"elementor-widget-container\">\n\t\t\t\t\t\t\t\t<p><strong>\u2013 Dommage par n\u00e9gligence<\/strong><\/p><p><strong>\u2013 Accident<\/strong><\/p><p><strong>\u2013 Soin inadapt\u00e9<\/strong><\/p><p><strong>\u2013 Lavage inappropri\u00e9<\/strong><\/p><p><strong>\u2013 Usure normale pour une utilisation prolong\u00e9e<\/strong><\/p><p><strong>\u2013 Processus naturel de d\u00e9gradation des tissus et des couleurs.<\/strong><\/p>\t\t\t\t\t\t<\/div>\n\t\t\t\t<\/div>\n\t\t\t\t<div class=\"elementor-element elementor-element-028322f elementor-widget elementor-widget-text-editor\" data-id=\"028322f\" data-element_type=\"widget\" data-widget_type=\"text-editor.default\">\n\t\t\t\t<div class=\"elementor-widget-container\">\n\t\t\t\t\t\t\t\tIl est indispensable de pr\u00e9senter une facture d\u2019achat ou un re\u00e7u.\n\n\t\t\t\t\t\t<\/div>\n\t\t\t\t<\/div>\n\t\t\t\t\t<\/div>\n\t\t<\/div>\n\t\t\t\t<div class=\"elementor-column elementor-col-50 elementor-top-column elementor-element elementor-element-b035723\" data-id=\"b035723\" data-element_type=\"column\">\n\t\t\t<div class=\"elementor-widget-wrap elementor-element-populated\">\n\t\t\t\t\t\t\t\t<section class=\"elementor-section elementor-inner-section elementor-element elementor-element-208c828 elementor-section-boxed elementor-section-height-default elementor-section-height-default\" data-id=\"208c828\" data-element_type=\"section\">\n\t\t\t\t\t\t<div class=\"elementor-container elementor-column-gap-default\">\n\t\t\t\t\t<div class=\"elementor-column elementor-col-50 elementor-inner-column elementor-element elementor-element-366bf82\" data-id=\"366bf82\" data-element_type=\"column\">\n\t\t\t<div class=\"elementor-widget-wrap elementor-element-populated\">\n\t\t\t\t\t\t\t\t<div class=\"elementor-element elementor-element-0d3669b elementor-widget elementor-widget-image\" data-id=\"0d3669b\" data-element_type=\"widget\" data-widget_type=\"image.default\">\n\t\t\t\t<div class=\"elementor-widget-container\">\n\t\t\t\t\t\t\t\t\t\t\t\t\t\t\t<img width=\"150\" height=\"150\" src=\"https:\/\/og-onlineandgo.devcode.nl\/wp-content\/uploads\/2021\/05\/2-An\u0303os-Garantia-400x400-1-150x150-1.png\" class=\"attachment-large size-large\" alt=\"\" loading=\"lazy\" srcset=\"https:\/\/og-onlineandgo.devcode.nl\/wp-content\/uploads\/2021\/05\/2-An\u0303os-Garantia-400x400-1-150x150-1.png 150w, https:\/\/og-onlineandgo.devcode.nl\/wp-content\/uploads\/2021\/05\/2-An\u0303os-Garantia-400x400-1-150x150-1-100x100.png 100w\" sizes=\"(max-width: 150px) 100vw, 150px\" \/>\t\t\t\t\t\t\t\t\t\t\t\t\t\t\t<\/div>\n\t\t\t\t<\/div>\n\t\t\t\t\t<\/div>\n\t\t<\/div>\n\t\t\t\t<div class=\"elementor-column elementor-col-50 elementor-inner-column elementor-element elementor-element-c4a86fa\" data-id=\"c4a86fa\" data-element_type=\"column\">\n\t\t\t<div class=\"elementor-widget-wrap elementor-element-populated\">\n\t\t\t\t\t\t\t\t<div class=\"elementor-element elementor-element-1427844 elementor-widget elementor-widget-image\" data-id=\"1427844\" data-element_type=\"widget\" data-widget_type=\"image.default\">\n\t\t\t\t<div class=\"elementor-widget-container\">\n\t\t\t\t\t\t\t\t\t\t\t\t\t\t\t<img width=\"150\" height=\"150\" src=\"https:\/\/og-onlineandgo.devcode.nl\/wp-content\/uploads\/2021\/05\/LOGO-100-SATISFACTION-WARRANTY-1-150x150-1.png\" class=\"attachment-large size-large\" alt=\"\" loading=\"lazy\" srcset=\"https:\/\/og-onlineandgo.devcode.nl\/wp-content\/uploads\/2021\/05\/LOGO-100-SATISFACTION-WARRANTY-1-150x150-1.png 150w, https:\/\/og-onlineandgo.devcode.nl\/wp-content\/uploads\/2021\/05\/LOGO-100-SATISFACTION-WARRANTY-1-150x150-1-100x100.png 100w\" sizes=\"(max-width: 150px) 100vw, 150px\" \/>\t\t\t\t\t\t\t\t\t\t\t\t\t\t\t<\/div>\n\t\t\t\t<\/div>\n\t\t\t\t\t<\/div>\n\t\t<\/div>\n\t\t\t\t\t\t\t<\/div>\n\t\t<\/section>\n\t\t\t\t\t<\/div>\n\t\t<\/div>\n\t\t\t\t\t\t\t<\/div>\n\t\t<\/section>\n\t\t\t\t<section class=\"elementor-section elementor-top-section elementor-element elementor-element-252fd9d elementor-section-boxed elementor-section-height-default elementor-section-height-default\" data-id=\"252fd9d\" data-element_type=\"section\">\n\t\t\t\t\t\t<div class=\"elementor-container elementor-column-gap-default\">\n\t\t\t\t\t<div class=\"elementor-column elementor-col-100 elementor-top-column elementor-element elementor-element-c7b5045\" data-id=\"c7b5045\" data-element_type=\"column\">\n\t\t\t<div class=\"elementor-widget-wrap elementor-element-populated\">\n\t\t\t\t\t\t\t\t<div class=\"elementor-element elementor-element-8e2dd6d elementor-widget elementor-widget-spacer\" data-id=\"8e2dd6d\" data-element_type=\"widget\" data-widget_type=\"spacer.default\">\n\t\t\t\t<div class=\"elementor-widget-container\">\n\t\t\t\t\t<div class=\"elementor-spacer\">\n\t\t\t<div class=\"elementor-spacer-inner\"><\/div>\n\t\t<\/div>\n\t\t\t\t<\/div>\n\t\t\t\t<\/div>\n\t\t\t\t\t<\/div>\n\t\t<\/div>\n\t\t\t\t\t\t\t<\/div>\n\t\t<\/section>\n\t\t\t\t\t\t<\/div>\n\t\t\t\t\t<\/div>\n\t\t","protected":false},"excerpt":{"rendered":"<p>GARANTIE 100% SATISFAIT Si vous n\u2019\u00eates pas satisfait du produit, nous le remplacerons ou rembourserons votre achat sans condition. Garantie sous r\u00e9serve d\u2019achats effectu\u00e9s aupr\u00e8s de revendeurs agr\u00e9\u00e9s. Tous les produits OG Online &amp; Go ont une garantie l\u00e9gale compl\u00e8te de DEUX ANS pour les d\u00e9fauts de mat\u00e9riaux et de fabrication. Cette garantie couvre tous [&hellip;]<\/p>\n","protected":false},"author":1,"featured_media":0,"parent":0,"menu_order":0,"comment_status":"closed","ping_status":"closed","template":"","meta":[],"yoast_head":"<!-- This site is optimized with the Yoast SEO plugin v16.3 - https:\/\/yoast.com\/wordpress\/plugins\/seo\/ -->\n<title>Garantie 100 - OG Original<\/title>\n<meta name=\"robots\" content=\"noindex, follow, max-snippet:-1, max-image-preview:large, max-video-preview:-1\" \/>\n<meta property=\"og:locale\" content=\"fr_FR\" \/>\n<meta property=\"og:type\" content=\"article\" \/>\n<meta property=\"og:title\" content=\"Garantie 100 - OG Original\" \/>\n<meta property=\"og:description\" content=\"GARANTIE 100% SATISFAIT Si vous n\u2019\u00eates pas satisfait du produit, nous le remplacerons ou rembourserons votre achat sans condition. Garantie sous r\u00e9serve d\u2019achats effectu\u00e9s aupr\u00e8s de revendeurs agr\u00e9\u00e9s. Tous les produits OG Online &amp; Go ont une garantie l\u00e9gale compl\u00e8te de DEUX ANS pour les d\u00e9fauts de mat\u00e9riaux et de fabrication. Cette garantie couvre tous [&hellip;]\" \/>\n<meta property=\"og:url\" content=\"https:\/\/og-onlineandgo.devcode.nl\/fr\/garantie-100\/\" \/>\n<meta property=\"og:site_name\" content=\"OG Original\" \/>\n<meta property=\"article:modified_time\" content=\"2021-05-06T13:32:53+00:00\" \/>\n<meta property=\"og:image\" content=\"https:\/\/og-onlineandgo.devcode.nl\/wp-content\/uploads\/2021\/05\/2-An\u0303os-Garantia-400x400-1-150x150-1.png\" \/>\n<meta name=\"twitter:card\" content=\"summary_large_image\" \/>\n<meta name=\"twitter:label1\" content=\"Dur\u00e9e de lecture est.\">\n\t<meta name=\"twitter:data1\" content=\"2 minutes\">\n<script type=\"application\/ld+json\" class=\"yoast-schema-graph\">{\"@context\":\"https:\/\/schema.org\",\"@graph\":[{\"@type\":\"WebSite\",\"@id\":\"https:\/\/og-onlineandgo.devcode.nl\/#website\",\"url\":\"https:\/\/og-onlineandgo.devcode.nl\/\",\"name\":\"OG Original\",\"description\":\"Motorcycle backpacks\",\"potentialAction\":[{\"@type\":\"SearchAction\",\"target\":\"https:\/\/og-onlineandgo.devcode.nl\/?s={search_term_string}\",\"query-input\":\"required name=search_term_string\"}],\"inLanguage\":\"fr-FR\"},{\"@type\":\"ImageObject\",\"@id\":\"https:\/\/og-onlineandgo.devcode.nl\/fr\/garantie-100\/#primaryimage\",\"inLanguage\":\"fr-FR\",\"url\":\"https:\/\/og-onlineandgo.devcode.nl\/wp-content\/uploads\/2021\/05\/2-An\\u0303os-Garantia-400x400-1-150x150-1.png\",\"contentUrl\":\"https:\/\/og-onlineandgo.devcode.nl\/wp-content\/uploads\/2021\/05\/2-An\\u0303os-Garantia-400x400-1-150x150-1.png\",\"width\":150,\"height\":150},{\"@type\":\"WebPage\",\"@id\":\"https:\/\/og-onlineandgo.devcode.nl\/fr\/garantie-100\/#webpage\",\"url\":\"https:\/\/og-onlineandgo.devcode.nl\/fr\/garantie-100\/\",\"name\":\"Garantie 100 - OG Original\",\"isPartOf\":{\"@id\":\"https:\/\/og-onlineandgo.devcode.nl\/#website\"},\"primaryImageOfPage\":{\"@id\":\"https:\/\/og-onlineandgo.devcode.nl\/fr\/garantie-100\/#primaryimage\"},\"datePublished\":\"2021-05-06T13:21:19+00:00\",\"dateModified\":\"2021-05-06T13:32:53+00:00\",\"breadcrumb\":{\"@id\":\"https:\/\/og-onlineandgo.devcode.nl\/fr\/garantie-100\/#breadcrumb\"},\"inLanguage\":\"fr-FR\",\"potentialAction\":[{\"@type\":\"ReadAction\",\"target\":[\"https:\/\/og-onlineandgo.devcode.nl\/fr\/garantie-100\/\"]}]},{\"@type\":\"BreadcrumbList\",\"@id\":\"https:\/\/og-onlineandgo.devcode.nl\/fr\/garantie-100\/#breadcrumb\",\"itemListElement\":[{\"@type\":\"ListItem\",\"position\":1,\"item\":{\"@type\":\"WebPage\",\"@id\":\"https:\/\/og-onlineandgo.devcode.nl\/fr\/\",\"url\":\"https:\/\/og-onlineandgo.devcode.nl\/fr\/\",\"name\":\"Home\"}},{\"@type\":\"ListItem\",\"position\":2,\"item\":{\"@id\":\"https:\/\/og-onlineandgo.devcode.nl\/fr\/garantie-100\/#webpage\"}}]}]}<\/script>\n<!-- \/ Yoast SEO plugin. -->","_links":{"self":[{"href":"https:\/\/og-onlineandgo.devcode.nl\/fr\/wp-json\/wp\/v2\/pages\/5560"}],"collection":[{"href":"https:\/\/og-onlineandgo.devcode.nl\/fr\/wp-json\/wp\/v2\/pages"}],"about":[{"href":"https:\/\/og-onlineandgo.devcode.nl\/fr\/wp-json\/wp\/v2\/types\/page"}],"author":[{"embeddable":true,"href":"https:\/\/og-onlineandgo.devcode.nl\/fr\/wp-json\/wp\/v2\/users\/1"}],"replies":[{"embeddable":true,"href":"https:\/\/og-onlineandgo.devcode.nl\/fr\/wp-json\/wp\/v2\/comments?post=5560"}],"version-history":[{"count":4,"href":"https:\/\/og-onlineandgo.devcode.nl\/fr\/wp-json\/wp\/v2\/pages\/5560\/revisions"}],"predecessor-version":[{"id":5564,"href":"https:\/\/og-onlineandgo.devcode.nl\/fr\/wp-json\/wp\/v2\/pages\/5560\/revisions\/5564"}],"wp:attachment":[{"href":"https:\/\/og-onlineandgo.devcode.nl\/fr\/wp-json\/wp\/v2\/media?parent=5560"}],"curies":[{"name":"wp","href":"https:\/\/api.w.org\/{rel}","templated":true}]}}