{"id":5517,"date":"2021-05-06T13:43:06","date_gmt":"2021-05-06T11:43:06","guid":{"rendered":"https:\/\/og-onlineandgo.devcode.nl\/free-shipping\/"},"modified":"2021-05-12T15:39:45","modified_gmt":"2021-05-12T13:39:45","slug":"livraison-gratuite","status":"publish","type":"page","link":"https:\/\/og-onlineandgo.devcode.nl\/fr\/livraison-gratuite\/","title":{"rendered":"Livraison gratuite"},"content":{"rendered":"\t\t<div data-elementor-type=\"wp-page\" data-elementor-id=\"5517\" class=\"elementor elementor-5517 elementor-5509\" data-elementor-settings=\"[]\">\n\t\t\t\t\t\t\t<div class=\"elementor-section-wrap\">\n\t\t\t\t\t\t\t<section class=\"elementor-section elementor-top-section elementor-element elementor-element-9c58bce elementor-section-boxed elementor-section-height-default elementor-section-height-default\" data-id=\"9c58bce\" data-element_type=\"section\">\n\t\t\t\t\t\t<div class=\"elementor-container elementor-column-gap-default\">\n\t\t\t\t\t<div class=\"elementor-column elementor-col-100 elementor-top-column elementor-element elementor-element-c84105a\" data-id=\"c84105a\" data-element_type=\"column\">\n\t\t\t<div class=\"elementor-widget-wrap elementor-element-populated\">\n\t\t\t\t\t\t\t\t<div class=\"elementor-element elementor-element-dc78db1 elementor-widget elementor-widget-spacer\" data-id=\"dc78db1\" data-element_type=\"widget\" data-widget_type=\"spacer.default\">\n\t\t\t\t<div class=\"elementor-widget-container\">\n\t\t\t\t\t<div class=\"elementor-spacer\">\n\t\t\t<div class=\"elementor-spacer-inner\"><\/div>\n\t\t<\/div>\n\t\t\t\t<\/div>\n\t\t\t\t<\/div>\n\t\t\t\t\t<\/div>\n\t\t<\/div>\n\t\t\t\t\t\t\t<\/div>\n\t\t<\/section>\n\t\t\t\t<section class=\"elementor-section elementor-top-section elementor-element elementor-element-05c8502 elementor-section-boxed elementor-section-height-default elementor-section-height-default\" data-id=\"05c8502\" data-element_type=\"section\">\n\t\t\t\t\t\t<div class=\"elementor-container elementor-column-gap-default\">\n\t\t\t\t\t<div class=\"elementor-column elementor-col-100 elementor-top-column elementor-element elementor-element-05941bb\" data-id=\"05941bb\" data-element_type=\"column\">\n\t\t\t<div class=\"elementor-widget-wrap elementor-element-populated\">\n\t\t\t\t\t\t\t\t<div class=\"elementor-element elementor-element-89535d1 elementor-widget elementor-widget-heading\" data-id=\"89535d1\" data-element_type=\"widget\" data-widget_type=\"heading.default\">\n\t\t\t\t<div class=\"elementor-widget-container\">\n\t\t\t<h2 class=\"elementor-heading-title elementor-size-default\">LIVRAISON GRATUITE, RAPIDE ET S\u00c9CURIS\u00c9E<\/h2>\t\t<\/div>\n\t\t\t\t<\/div>\n\t\t\t\t<div class=\"elementor-element elementor-element-9cbcd61 elementor-widget elementor-widget-text-editor\" data-id=\"9cbcd61\" data-element_type=\"widget\" data-widget_type=\"text-editor.default\">\n\t\t\t\t<div class=\"elementor-widget-container\">\n\t\t\t\t\t\t\t\t<p>Nous livrons dans le\u00a0<strong>Monde Entier<\/strong>.<\/p><p>Livraison\u00a0<strong>gratuite<\/strong>\u00a0pour\u00a0<strong>l\u2019Europe.<\/strong><\/p><p>Pour les\u00a0<b>envois internationaux en dehors de l\u2019Union europ\u00e9enne<\/b>, il y a un suppl\u00e9ment qui sera indiqu\u00e9 lorsque vous entrerez votre adresse dans le panier. Veuillez noter qu\u2019il peut y avoir des retards dus aux retenues douani\u00e8res. Les\u00a0<b>envois express<\/b>\u00a0internationaux sont disponibles avec livraison dans les<b>\u00a072 heures<\/b>.<\/p><p>L\u2019estimation du d\u00e9lai d\u2019exp\u00e9dition sera toujours calcul\u00e9e en\u00a0<strong>jours ouvrables<\/strong>.<\/p>\t\t\t\t\t\t<\/div>\n\t\t\t\t<\/div>\n\t\t\t\t\t<\/div>\n\t\t<\/div>\n\t\t\t\t\t\t\t<\/div>\n\t\t<\/section>\n\t\t\t\t<section class=\"elementor-section elementor-top-section elementor-element elementor-element-1befd26 elementor-section-boxed elementor-section-height-default elementor-section-height-default\" data-id=\"1befd26\" data-element_type=\"section\">\n\t\t\t\t\t\t<div class=\"elementor-container elementor-column-gap-default\">\n\t\t\t\t\t<div class=\"elementor-column elementor-col-100 elementor-top-column elementor-element elementor-element-0c5b4f1\" data-id=\"0c5b4f1\" data-element_type=\"column\">\n\t\t\t<div class=\"elementor-widget-wrap elementor-element-populated\">\n\t\t\t\t\t\t\t\t<div class=\"elementor-element elementor-element-2dc1027 elementor-widget elementor-widget-spacer\" data-id=\"2dc1027\" data-element_type=\"widget\" data-widget_type=\"spacer.default\">\n\t\t\t\t<div class=\"elementor-widget-container\">\n\t\t\t\t\t<div class=\"elementor-spacer\">\n\t\t\t<div class=\"elementor-spacer-inner\"><\/div>\n\t\t<\/div>\n\t\t\t\t<\/div>\n\t\t\t\t<\/div>\n\t\t\t\t\t<\/div>\n\t\t<\/div>\n\t\t\t\t\t\t\t<\/div>\n\t\t<\/section>\n\t\t\t\t\t\t<\/div>\n\t\t\t\t\t<\/div>\n\t\t","protected":false},"excerpt":{"rendered":"<p>LIVRAISON GRATUITE, RAPIDE ET S\u00c9CURIS\u00c9E Nous livrons dans le\u00a0Monde Entier. Livraison\u00a0gratuite\u00a0pour\u00a0l\u2019Europe. Pour les\u00a0envois internationaux en dehors de l\u2019Union europ\u00e9enne, il y a un suppl\u00e9ment qui sera indiqu\u00e9 lorsque vous entrerez votre adresse dans le panier. Veuillez noter qu\u2019il peut y avoir des retards dus aux retenues douani\u00e8res. Les\u00a0envois express\u00a0internationaux sont disponibles avec livraison dans les\u00a072 [&hellip;]<\/p>\n","protected":false},"author":1,"featured_media":0,"parent":0,"menu_order":0,"comment_status":"closed","ping_status":"closed","template":"","meta":[],"yoast_head":"<!-- This site is optimized with the Yoast SEO plugin v16.3 - https:\/\/yoast.com\/wordpress\/plugins\/seo\/ -->\n<title>Livraison gratuite - OG Original<\/title>\n<meta name=\"robots\" content=\"noindex, follow, max-snippet:-1, max-image-preview:large, max-video-preview:-1\" \/>\n<meta property=\"og:locale\" content=\"fr_FR\" \/>\n<meta property=\"og:type\" content=\"article\" \/>\n<meta property=\"og:title\" content=\"Livraison gratuite - OG Original\" \/>\n<meta property=\"og:description\" content=\"LIVRAISON GRATUITE, RAPIDE ET S\u00c9CURIS\u00c9E Nous livrons dans le\u00a0Monde Entier. Livraison\u00a0gratuite\u00a0pour\u00a0l\u2019Europe. Pour les\u00a0envois internationaux en dehors de l\u2019Union europ\u00e9enne, il y a un suppl\u00e9ment qui sera indiqu\u00e9 lorsque vous entrerez votre adresse dans le panier. Veuillez noter qu\u2019il peut y avoir des retards dus aux retenues douani\u00e8res. Les\u00a0envois express\u00a0internationaux sont disponibles avec livraison dans les\u00a072 [&hellip;]\" \/>\n<meta property=\"og:url\" content=\"https:\/\/og-onlineandgo.devcode.nl\/fr\/livraison-gratuite\/\" \/>\n<meta property=\"og:site_name\" content=\"OG Original\" \/>\n<meta property=\"article:modified_time\" content=\"2021-05-12T13:39:45+00:00\" \/>\n<meta name=\"twitter:card\" content=\"summary_large_image\" \/>\n<meta name=\"twitter:label1\" content=\"Dur\u00e9e de lecture est.\">\n\t<meta name=\"twitter:data1\" content=\"1 minute\">\n<script type=\"application\/ld+json\" class=\"yoast-schema-graph\">{\"@context\":\"https:\/\/schema.org\",\"@graph\":[{\"@type\":\"WebSite\",\"@id\":\"https:\/\/og-onlineandgo.devcode.nl\/#website\",\"url\":\"https:\/\/og-onlineandgo.devcode.nl\/\",\"name\":\"OG Original\",\"description\":\"Motorcycle backpacks\",\"potentialAction\":[{\"@type\":\"SearchAction\",\"target\":\"https:\/\/og-onlineandgo.devcode.nl\/?s={search_term_string}\",\"query-input\":\"required name=search_term_string\"}],\"inLanguage\":\"fr-FR\"},{\"@type\":\"WebPage\",\"@id\":\"https:\/\/og-onlineandgo.devcode.nl\/fr\/livraison-gratuite\/#webpage\",\"url\":\"https:\/\/og-onlineandgo.devcode.nl\/fr\/livraison-gratuite\/\",\"name\":\"Livraison gratuite - OG Original\",\"isPartOf\":{\"@id\":\"https:\/\/og-onlineandgo.devcode.nl\/#website\"},\"datePublished\":\"2021-05-06T11:43:06+00:00\",\"dateModified\":\"2021-05-12T13:39:45+00:00\",\"breadcrumb\":{\"@id\":\"https:\/\/og-onlineandgo.devcode.nl\/fr\/livraison-gratuite\/#breadcrumb\"},\"inLanguage\":\"fr-FR\",\"potentialAction\":[{\"@type\":\"ReadAction\",\"target\":[\"https:\/\/og-onlineandgo.devcode.nl\/fr\/livraison-gratuite\/\"]}]},{\"@type\":\"BreadcrumbList\",\"@id\":\"https:\/\/og-onlineandgo.devcode.nl\/fr\/livraison-gratuite\/#breadcrumb\",\"itemListElement\":[{\"@type\":\"ListItem\",\"position\":1,\"item\":{\"@type\":\"WebPage\",\"@id\":\"https:\/\/og-onlineandgo.devcode.nl\/fr\/\",\"url\":\"https:\/\/og-onlineandgo.devcode.nl\/fr\/\",\"name\":\"Home\"}},{\"@type\":\"ListItem\",\"position\":2,\"item\":{\"@id\":\"https:\/\/og-onlineandgo.devcode.nl\/fr\/livraison-gratuite\/#webpage\"}}]}]}<\/script>\n<!-- \/ Yoast SEO plugin. -->","_links":{"self":[{"href":"https:\/\/og-onlineandgo.devcode.nl\/fr\/wp-json\/wp\/v2\/pages\/5517"}],"collection":[{"href":"https:\/\/og-onlineandgo.devcode.nl\/fr\/wp-json\/wp\/v2\/pages"}],"about":[{"href":"https:\/\/og-onlineandgo.devcode.nl\/fr\/wp-json\/wp\/v2\/types\/page"}],"author":[{"embeddable":true,"href":"https:\/\/og-onlineandgo.devcode.nl\/fr\/wp-json\/wp\/v2\/users\/1"}],"replies":[{"embeddable":true,"href":"https:\/\/og-onlineandgo.devcode.nl\/fr\/wp-json\/wp\/v2\/comments?post=5517"}],"version-history":[{"count":7,"href":"https:\/\/og-onlineandgo.devcode.nl\/fr\/wp-json\/wp\/v2\/pages\/5517\/revisions"}],"predecessor-version":[{"id":6999,"href":"https:\/\/og-onlineandgo.devcode.nl\/fr\/wp-json\/wp\/v2\/pages\/5517\/revisions\/6999"}],"wp:attachment":[{"href":"https:\/\/og-onlineandgo.devcode.nl\/fr\/wp-json\/wp\/v2\/media?parent=5517"}],"curies":[{"name":"wp","href":"https:\/\/api.w.org\/{rel}","templated":true}]}}