{"id":7871,"date":"2021-04-12T13:35:30","date_gmt":"2021-04-12T13:35:30","guid":{"rendered":"https:\/\/og-onlineandgo.devcode.nl\/privacy-policy\/"},"modified":"2021-05-13T16:46:05","modified_gmt":"2021-05-13T14:46:05","slug":"politica-de-privacidad","status":"publish","type":"page","link":"https:\/\/og-onlineandgo.devcode.nl\/es\/politica-de-privacidad\/","title":{"rendered":"Politica de privacidad"},"content":{"rendered":"\t\t<div data-elementor-type=\"wp-page\" data-elementor-id=\"7871\" class=\"elementor elementor-7871 elementor-3\" data-elementor-settings=\"[]\">\n\t\t\t\t\t\t\t<div class=\"elementor-section-wrap\">\n\t\t\t\t\t\t\t<section class=\"elementor-section elementor-top-section elementor-element elementor-element-7d13070 elementor-section-boxed elementor-section-height-default elementor-section-height-default\" data-id=\"7d13070\" data-element_type=\"section\">\n\t\t\t\t\t\t<div class=\"elementor-container elementor-column-gap-default\">\n\t\t\t\t\t<div class=\"elementor-column elementor-col-100 elementor-top-column elementor-element elementor-element-7fd9e0a\" data-id=\"7fd9e0a\" data-element_type=\"column\">\n\t\t\t<div class=\"elementor-widget-wrap elementor-element-populated\">\n\t\t\t\t\t\t\t\t<div class=\"elementor-element elementor-element-2cc0de5 elementor-widget elementor-widget-spacer\" data-id=\"2cc0de5\" data-element_type=\"widget\" data-widget_type=\"spacer.default\">\n\t\t\t\t<div class=\"elementor-widget-container\">\n\t\t\t\t\t<div class=\"elementor-spacer\">\n\t\t\t<div class=\"elementor-spacer-inner\"><\/div>\n\t\t<\/div>\n\t\t\t\t<\/div>\n\t\t\t\t<\/div>\n\t\t\t\t\t<\/div>\n\t\t<\/div>\n\t\t\t\t\t\t\t<\/div>\n\t\t<\/section>\n\t\t\t\t<section class=\"elementor-section elementor-top-section elementor-element elementor-element-522f040 elementor-section-boxed elementor-section-height-default elementor-section-height-default\" data-id=\"522f040\" data-element_type=\"section\">\n\t\t\t\t\t\t<div class=\"elementor-container elementor-column-gap-default\">\n\t\t\t\t\t<div class=\"elementor-column elementor-col-100 elementor-top-column elementor-element elementor-element-fe5e610\" data-id=\"fe5e610\" data-element_type=\"column\">\n\t\t\t<div class=\"elementor-widget-wrap elementor-element-populated\">\n\t\t\t\t\t\t\t\t<div class=\"elementor-element elementor-element-1e1a696 elementor-widget elementor-widget-heading\" data-id=\"1e1a696\" data-element_type=\"widget\" data-widget_type=\"heading.default\">\n\t\t\t\t<div class=\"elementor-widget-container\">\n\t\t\t<h2 class=\"elementor-heading-title elementor-size-default\">REGISTRO DE DATOS DE CAR\u00c1CTER PERSONAL\n<\/h2>\t\t<\/div>\n\t\t\t\t<\/div>\n\t\t\t\t<div class=\"elementor-element elementor-element-92b9f64 elementor-widget elementor-widget-text-editor\" data-id=\"92b9f64\" data-element_type=\"widget\" data-widget_type=\"text-editor.default\">\n\t\t\t\t<div class=\"elementor-widget-container\">\n\t\t\t\t\t\t\t\t<p>Esta declaraci\u00f3n tiene como finalidad informar a los usuarios de la Pol\u00edtica general de Privacidad y Protecci\u00f3n de Datos Personales seguida por OG-ONLINEANDGO.COM.<\/p><p>Esta Pol\u00edtica de Privacidad podr\u00eda variar en funci\u00f3n de exigencias legislativas o de autorregulaci\u00f3n, por lo que se aconseja a los usuarios que la visiten peri\u00f3dicamente Ser\u00e1 aplicable en caso de que los usuarios decidan rellenar alg\u00fan formulario de cualquiera de sus formularios de contacto donde se recaben datos de car\u00e1cter personal.<\/p><p>Al utilizar los formularios de contacto, observar\u00e1 que algunos campos, como el nombre o el e-mail tienen la marca de un asterisco (*); esto significa que esos campos son obligatorios, y el formulario no podr\u00e1 ser enviado si deja esos campos en blanco. Puede ejercer los derechos de acceso, rectificaci\u00f3n, cancelaci\u00f3n y oposici\u00f3n mediante escrito dirigido a la direcci\u00f3n del responsable antes indicada, siguiendo las formalidades impuestas por la Ley Org\u00e1nica 15\/1999, de 13 de diciembre, de Protecci\u00f3n de Datos de Car\u00e1cter Personal y su Reglamento de Desarrollo.<\/p><p>El env\u00edo de datos de car\u00e1cter personal es obligatorio para contactar y realizar operaciones comerciales con OG-ONLINEANDGO.COM.<\/p><p>Asimismo, el no facilitar los datos personales solicitados o el no aceptar la presente pol\u00edtica de privacidad supone la imposibilidad de suscribirse y procesar las solicitudes realizadas en nuestro portal.<\/p>\t\t\t\t\t\t<\/div>\n\t\t\t\t<\/div>\n\t\t\t\t\t<\/div>\n\t\t<\/div>\n\t\t\t\t\t\t\t<\/div>\n\t\t<\/section>\n\t\t\t\t<section class=\"elementor-section elementor-top-section elementor-element elementor-element-914eea2 elementor-section-boxed elementor-section-height-default elementor-section-height-default\" data-id=\"914eea2\" data-element_type=\"section\">\n\t\t\t\t\t\t<div class=\"elementor-container elementor-column-gap-default\">\n\t\t\t\t\t<div class=\"elementor-column elementor-col-100 elementor-top-column elementor-element elementor-element-871690e\" data-id=\"871690e\" data-element_type=\"column\">\n\t\t\t<div class=\"elementor-widget-wrap elementor-element-populated\">\n\t\t\t\t\t\t\t\t<div class=\"elementor-element elementor-element-eaba05f elementor-widget elementor-widget-heading\" data-id=\"eaba05f\" data-element_type=\"widget\" data-widget_type=\"heading.default\">\n\t\t\t\t<div class=\"elementor-widget-container\">\n\t\t\t<h2 class=\"elementor-heading-title elementor-size-default\">USO Y TRATAMIENTO DE LOS DATOS DE USUARIOS\n<\/h2>\t\t<\/div>\n\t\t\t\t<\/div>\n\t\t\t\t<div class=\"elementor-element elementor-element-a2fae59 elementor-widget elementor-widget-text-editor\" data-id=\"a2fae59\" data-element_type=\"widget\" data-widget_type=\"text-editor.default\">\n\t\t\t\t<div class=\"elementor-widget-container\">\n\t\t\t\t\t\t\t\t<p>OG-ONLINEANDGO.COM tiene plena conciencia del uso y tratamiento que se debe dar a los datos personales que se puedan requerir o que se puedan obtener de los usuarios en sus p\u00e1ginas web con el fin de gestionar las solicitudes o los servicios requeridos. En ning\u00fan momento har\u00e1 un uso diferente de esta informaci\u00f3n ni compartir\u00e1 datos de usuarios con terceros.<\/p>\t\t\t\t\t\t<\/div>\n\t\t\t\t<\/div>\n\t\t\t\t<div class=\"elementor-element elementor-element-d13c19c elementor-widget elementor-widget-heading\" data-id=\"d13c19c\" data-element_type=\"widget\" data-widget_type=\"heading.default\">\n\t\t\t\t<div class=\"elementor-widget-container\">\n\t\t\t<h3 class=\"elementor-heading-title elementor-size-default\">SECRETO Y SEGURIDAD DE LOS DATOS.\n<\/h3>\t\t<\/div>\n\t\t\t\t<\/div>\n\t\t\t\t<div class=\"elementor-element elementor-element-2079a54 elementor-widget elementor-widget-text-editor\" data-id=\"2079a54\" data-element_type=\"widget\" data-widget_type=\"text-editor.default\">\n\t\t\t\t<div class=\"elementor-widget-container\">\n\t\t\t\t\t\t\t\t<p>OG-ONLINEANDGO.COM se comprometen al cumplimiento de su obligaci\u00f3n de secreto de los datos de car\u00e1cter personal y su deber de guardarlos, y adoptar\u00e1n las medidas de \u00edndole t\u00e9cnica y organizativa necesarias que garanticen la seguridad de los datos de car\u00e1cter personal y eviten su alteraci\u00f3n, p\u00e9rdida, tratamiento o acceso no autorizado, habida cuenta del estado de la tecnolog\u00eda, de acuerdo con lo establecido por el RLOPD. Sin embargo, OG-ONLINEANDGO.COM no pueden garantizar la absoluta inexpugnabilidad de la red Internet y por tanto la violaci\u00f3n de los datos mediante accesos fraudulentos a ellos por parte de terceros.<\/p>\t\t\t\t\t\t<\/div>\n\t\t\t\t<\/div>\n\t\t\t\t<div class=\"elementor-element elementor-element-3458403 elementor-widget elementor-widget-heading\" data-id=\"3458403\" data-element_type=\"widget\" data-widget_type=\"heading.default\">\n\t\t\t\t<div class=\"elementor-widget-container\">\n\t\t\t<h3 class=\"elementor-heading-title elementor-size-default\">NAVEGACI\u00d3N<\/h3>\t\t<\/div>\n\t\t\t\t<\/div>\n\t\t\t\t<div class=\"elementor-element elementor-element-b715862 elementor-widget elementor-widget-text-editor\" data-id=\"b715862\" data-element_type=\"widget\" data-widget_type=\"text-editor.default\">\n\t\t\t\t<div class=\"elementor-widget-container\">\n\t\t\t\t\t\t\t\t<p>Al navegar por nuestras p\u00e1ginas webs los servidores de Internet almacenar\u00e1n su direcci\u00f3n IP en los logs de acceso de forma autom\u00e1tica y con la \u00fanica finalidad de permitir el tr\u00e1nsito por Internet, siendo necesario que su equipo facilite esta direcci\u00f3n IP cuando navega por Internet para que las comunicaciones puedan realizarse. Su direcci\u00f3n IP ser\u00e1 utilizada adem\u00e1s para realizar estad\u00edsticas sobre el n\u00famero de visitantes de esta web y su procedencia, de forma totalmente transparente a su navegaci\u00f3n.<\/p>\t\t\t\t\t\t<\/div>\n\t\t\t\t<\/div>\n\t\t\t\t<div class=\"elementor-element elementor-element-045e6fa elementor-widget elementor-widget-heading\" data-id=\"045e6fa\" data-element_type=\"widget\" data-widget_type=\"heading.default\">\n\t\t\t\t<div class=\"elementor-widget-container\">\n\t\t\t<h3 class=\"elementor-heading-title elementor-size-default\">EJERCICIO DE LOS DERECHOS DE ACCESO, RECTIFICACI\u00d3N, CANCELACI\u00d3N U OPOSICI\u00d3N.\n<\/h3>\t\t<\/div>\n\t\t\t\t<\/div>\n\t\t\t\t<div class=\"elementor-element elementor-element-7cf8d11 elementor-widget elementor-widget-text-editor\" data-id=\"7cf8d11\" data-element_type=\"widget\" data-widget_type=\"text-editor.default\">\n\t\t\t\t<div class=\"elementor-widget-container\">\n\t\t\t\t\t\t\t\t<p>Podr\u00e1 dirigir sus comunicaciones y ejercitar los derechos de acceso, rectificaci\u00f3n, cancelaci\u00f3n y oposici\u00f3n a trav\u00e9s de correo electr\u00f3nico:og@onlineandgo.com\u00a0junto con prueba v\u00e1lida en derecho, como fotocopia del D.N.I. o equivalente, indicando en el asunto \u201cPROTECCI\u00d3N DE DATOS\u201d.<\/p>\t\t\t\t\t\t<\/div>\n\t\t\t\t<\/div>\n\t\t\t\t<div class=\"elementor-element elementor-element-e095f1e elementor-widget elementor-widget-heading\" data-id=\"e095f1e\" data-element_type=\"widget\" data-widget_type=\"heading.default\">\n\t\t\t\t<div class=\"elementor-widget-container\">\n\t\t\t<h3 class=\"elementor-heading-title elementor-size-default\">ACEPTACI\u00d3N Y CONSENTIMIENTO.\n<\/h3>\t\t<\/div>\n\t\t\t\t<\/div>\n\t\t\t\t<div class=\"elementor-element elementor-element-18fcfff elementor-widget elementor-widget-text-editor\" data-id=\"18fcfff\" data-element_type=\"widget\" data-widget_type=\"text-editor.default\">\n\t\t\t\t<div class=\"elementor-widget-container\">\n\t\t\t\t\t\t\t\t<p>El Usuario declara haber sido informado de las condiciones sobre protecci\u00f3n de datos de car\u00e1cter personal, aceptando y consintiendo el tratamiento de los mismos por parte de OG-ONLINEANDGO.COM, en la forma y para las finalidades indicadas en la presente Pol\u00edtica de Privacidad<\/p>\t\t\t\t\t\t<\/div>\n\t\t\t\t<\/div>\n\t\t\t\t<div class=\"elementor-element elementor-element-fb2c41a elementor-widget elementor-widget-heading\" data-id=\"fb2c41a\" data-element_type=\"widget\" data-widget_type=\"heading.default\">\n\t\t\t\t<div class=\"elementor-widget-container\">\n\t\t\t<h3 class=\"elementor-heading-title elementor-size-default\">CORREOS COMERCIALES.\n<\/h3>\t\t<\/div>\n\t\t\t\t<\/div>\n\t\t\t\t<div class=\"elementor-element elementor-element-a9b4230 elementor-widget elementor-widget-text-editor\" data-id=\"a9b4230\" data-element_type=\"widget\" data-widget_type=\"text-editor.default\">\n\t\t\t\t<div class=\"elementor-widget-container\">\n\t\t\t\t\t\t\t\t<p>De acuerdo con la LSSICE, OG-ONLINEANDGO.COM no realiza pr\u00e1cticas de SPAM, por lo que no env\u00eda correos comerciales por v\u00eda electr\u00f3nica que no hayan sido previamente solicitados o autorizados por el Usuario. En consecuencia, en cada uno de los formularios habidos en la P\u00e1gina Web, el Usuario tiene la posibilidad de dar su consentimiento expreso para recibir nuestra \u201cNewsletter\u201d, con independencia de la informaci\u00f3n comercial puntualmente solicitada.<\/p>\t\t\t\t\t\t<\/div>\n\t\t\t\t<\/div>\n\t\t\t\t\t<\/div>\n\t\t<\/div>\n\t\t\t\t\t\t\t<\/div>\n\t\t<\/section>\n\t\t\t\t<section class=\"elementor-section elementor-top-section elementor-element elementor-element-870e9ec elementor-section-boxed elementor-section-height-default elementor-section-height-default\" data-id=\"870e9ec\" data-element_type=\"section\">\n\t\t\t\t\t\t<div class=\"elementor-container elementor-column-gap-default\">\n\t\t\t\t\t<div class=\"elementor-column elementor-col-100 elementor-top-column elementor-element elementor-element-fca5a26\" data-id=\"fca5a26\" data-element_type=\"column\">\n\t\t\t<div class=\"elementor-widget-wrap elementor-element-populated\">\n\t\t\t\t\t\t\t\t<div class=\"elementor-element elementor-element-eb99732 elementor-widget elementor-widget-spacer\" data-id=\"eb99732\" data-element_type=\"widget\" data-widget_type=\"spacer.default\">\n\t\t\t\t<div class=\"elementor-widget-container\">\n\t\t\t\t\t<div class=\"elementor-spacer\">\n\t\t\t<div class=\"elementor-spacer-inner\"><\/div>\n\t\t<\/div>\n\t\t\t\t<\/div>\n\t\t\t\t<\/div>\n\t\t\t\t\t<\/div>\n\t\t<\/div>\n\t\t\t\t\t\t\t<\/div>\n\t\t<\/section>\n\t\t\t\t\t\t<\/div>\n\t\t\t\t\t<\/div>\n\t\t","protected":false},"excerpt":{"rendered":"<p>REGISTRO DE DATOS DE CAR\u00c1CTER PERSONAL Esta declaraci\u00f3n tiene como finalidad informar a los usuarios de la Pol\u00edtica general de Privacidad y Protecci\u00f3n de Datos Personales seguida por OG-ONLINEANDGO.COM. Esta Pol\u00edtica de Privacidad podr\u00eda variar en funci\u00f3n de exigencias legislativas o de autorregulaci\u00f3n, por lo que se aconseja a los usuarios que la visiten peri\u00f3dicamente [&hellip;]<\/p>\n","protected":false},"author":1,"featured_media":0,"parent":0,"menu_order":0,"comment_status":"closed","ping_status":"open","template":"","meta":[],"yoast_head":"<!-- This site is optimized with the Yoast SEO plugin v16.3 - https:\/\/yoast.com\/wordpress\/plugins\/seo\/ -->\n<title>Politica de privacidad - OG Original<\/title>\n<meta name=\"robots\" content=\"noindex, follow, max-snippet:-1, max-image-preview:large, max-video-preview:-1\" \/>\n<meta property=\"og:locale\" content=\"es_ES\" \/>\n<meta property=\"og:type\" content=\"article\" \/>\n<meta property=\"og:title\" content=\"Politica de privacidad - OG Original\" \/>\n<meta property=\"og:description\" content=\"REGISTRO DE DATOS DE CAR\u00c1CTER PERSONAL Esta declaraci\u00f3n tiene como finalidad informar a los usuarios de la Pol\u00edtica general de Privacidad y Protecci\u00f3n de Datos Personales seguida por OG-ONLINEANDGO.COM. Esta Pol\u00edtica de Privacidad podr\u00eda variar en funci\u00f3n de exigencias legislativas o de autorregulaci\u00f3n, por lo que se aconseja a los usuarios que la visiten peri\u00f3dicamente [&hellip;]\" \/>\n<meta property=\"og:url\" content=\"https:\/\/og-onlineandgo.devcode.nl\/es\/politica-de-privacidad\/\" \/>\n<meta property=\"og:site_name\" content=\"OG Original\" \/>\n<meta property=\"article:modified_time\" content=\"2021-05-13T14:46:05+00:00\" \/>\n<meta name=\"twitter:card\" content=\"summary_large_image\" \/>\n<meta name=\"twitter:label1\" content=\"Tiempo de lectura\">\n\t<meta name=\"twitter:data1\" content=\"3 minutos\">\n<script type=\"application\/ld+json\" class=\"yoast-schema-graph\">{\"@context\":\"https:\/\/schema.org\",\"@graph\":[{\"@type\":\"WebSite\",\"@id\":\"https:\/\/og-onlineandgo.devcode.nl\/#website\",\"url\":\"https:\/\/og-onlineandgo.devcode.nl\/\",\"name\":\"OG Original\",\"description\":\"Motorcycle backpacks\",\"potentialAction\":[{\"@type\":\"SearchAction\",\"target\":\"https:\/\/og-onlineandgo.devcode.nl\/?s={search_term_string}\",\"query-input\":\"required name=search_term_string\"}],\"inLanguage\":\"es\"},{\"@type\":\"WebPage\",\"@id\":\"https:\/\/og-onlineandgo.devcode.nl\/es\/politica-de-privacidad\/#webpage\",\"url\":\"https:\/\/og-onlineandgo.devcode.nl\/es\/politica-de-privacidad\/\",\"name\":\"Politica de privacidad - OG Original\",\"isPartOf\":{\"@id\":\"https:\/\/og-onlineandgo.devcode.nl\/#website\"},\"datePublished\":\"2021-04-12T13:35:30+00:00\",\"dateModified\":\"2021-05-13T14:46:05+00:00\",\"breadcrumb\":{\"@id\":\"https:\/\/og-onlineandgo.devcode.nl\/es\/politica-de-privacidad\/#breadcrumb\"},\"inLanguage\":\"es\",\"potentialAction\":[{\"@type\":\"ReadAction\",\"target\":[\"https:\/\/og-onlineandgo.devcode.nl\/es\/politica-de-privacidad\/\"]}]},{\"@type\":\"BreadcrumbList\",\"@id\":\"https:\/\/og-onlineandgo.devcode.nl\/es\/politica-de-privacidad\/#breadcrumb\",\"itemListElement\":[{\"@type\":\"ListItem\",\"position\":1,\"item\":{\"@type\":\"WebPage\",\"@id\":\"https:\/\/og-onlineandgo.devcode.nl\/es\/\",\"url\":\"https:\/\/og-onlineandgo.devcode.nl\/es\/\",\"name\":\"Home\"}},{\"@type\":\"ListItem\",\"position\":2,\"item\":{\"@id\":\"https:\/\/og-onlineandgo.devcode.nl\/es\/politica-de-privacidad\/#webpage\"}}]}]}<\/script>\n<!-- \/ Yoast SEO plugin. -->","_links":{"self":[{"href":"https:\/\/og-onlineandgo.devcode.nl\/es\/wp-json\/wp\/v2\/pages\/7871"}],"collection":[{"href":"https:\/\/og-onlineandgo.devcode.nl\/es\/wp-json\/wp\/v2\/pages"}],"about":[{"href":"https:\/\/og-onlineandgo.devcode.nl\/es\/wp-json\/wp\/v2\/types\/page"}],"author":[{"embeddable":true,"href":"https:\/\/og-onlineandgo.devcode.nl\/es\/wp-json\/wp\/v2\/users\/1"}],"replies":[{"embeddable":true,"href":"https:\/\/og-onlineandgo.devcode.nl\/es\/wp-json\/wp\/v2\/comments?post=7871"}],"version-history":[{"count":4,"href":"https:\/\/og-onlineandgo.devcode.nl\/es\/wp-json\/wp\/v2\/pages\/7871\/revisions"}],"predecessor-version":[{"id":7875,"href":"https:\/\/og-onlineandgo.devcode.nl\/es\/wp-json\/wp\/v2\/pages\/7871\/revisions\/7875"}],"wp:attachment":[{"href":"https:\/\/og-onlineandgo.devcode.nl\/es\/wp-json\/wp\/v2\/media?parent=7871"}],"curies":[{"name":"wp","href":"https:\/\/api.w.org\/{rel}","templated":true}]}}