{"id":5533,"date":"2021-05-06T13:43:06","date_gmt":"2021-05-06T11:43:06","guid":{"rendered":"https:\/\/og-onlineandgo.devcode.nl\/free-shipping\/"},"modified":"2021-05-12T15:42:26","modified_gmt":"2021-05-12T13:42:26","slug":"envio-gratuito","status":"publish","type":"page","link":"https:\/\/og-onlineandgo.devcode.nl\/es\/envio-gratuito\/","title":{"rendered":"Envio gratuito"},"content":{"rendered":"\t\t<div data-elementor-type=\"wp-page\" data-elementor-id=\"5533\" class=\"elementor elementor-5533 elementor-5509\" data-elementor-settings=\"[]\">\n\t\t\t\t\t\t\t<div class=\"elementor-section-wrap\">\n\t\t\t\t\t\t\t<section class=\"elementor-section elementor-top-section elementor-element elementor-element-9c58bce elementor-section-boxed elementor-section-height-default elementor-section-height-default\" data-id=\"9c58bce\" data-element_type=\"section\">\n\t\t\t\t\t\t<div class=\"elementor-container elementor-column-gap-default\">\n\t\t\t\t\t<div class=\"elementor-column elementor-col-100 elementor-top-column elementor-element elementor-element-c84105a\" data-id=\"c84105a\" data-element_type=\"column\">\n\t\t\t<div class=\"elementor-widget-wrap elementor-element-populated\">\n\t\t\t\t\t\t\t\t<div class=\"elementor-element elementor-element-dc78db1 elementor-widget elementor-widget-spacer\" data-id=\"dc78db1\" data-element_type=\"widget\" data-widget_type=\"spacer.default\">\n\t\t\t\t<div class=\"elementor-widget-container\">\n\t\t\t\t\t<div class=\"elementor-spacer\">\n\t\t\t<div class=\"elementor-spacer-inner\"><\/div>\n\t\t<\/div>\n\t\t\t\t<\/div>\n\t\t\t\t<\/div>\n\t\t\t\t\t<\/div>\n\t\t<\/div>\n\t\t\t\t\t\t\t<\/div>\n\t\t<\/section>\n\t\t\t\t<section class=\"elementor-section elementor-top-section elementor-element elementor-element-05c8502 elementor-section-boxed elementor-section-height-default elementor-section-height-default\" data-id=\"05c8502\" data-element_type=\"section\">\n\t\t\t\t\t\t<div class=\"elementor-container elementor-column-gap-default\">\n\t\t\t\t\t<div class=\"elementor-column elementor-col-100 elementor-top-column elementor-element elementor-element-05941bb\" data-id=\"05941bb\" data-element_type=\"column\">\n\t\t\t<div class=\"elementor-widget-wrap elementor-element-populated\">\n\t\t\t\t\t\t\t\t<div class=\"elementor-element elementor-element-89535d1 elementor-widget elementor-widget-heading\" data-id=\"89535d1\" data-element_type=\"widget\" data-widget_type=\"heading.default\">\n\t\t\t\t<div class=\"elementor-widget-container\">\n\t\t\t<h2 class=\"elementor-heading-title elementor-size-default\">ENV\u00cdO GRATUITO, R\u00c1PIDO Y SEGURO<\/h2>\t\t<\/div>\n\t\t\t\t<\/div>\n\t\t\t\t<div class=\"elementor-element elementor-element-9cbcd61 elementor-widget elementor-widget-text-editor\" data-id=\"9cbcd61\" data-element_type=\"widget\" data-widget_type=\"text-editor.default\">\n\t\t\t\t<div class=\"elementor-widget-container\">\n\t\t\t\t\t\t\t\t<p>Realizamos env\u00edos a\u00a0<strong>todo el mundo<\/strong>.<\/p><p>Env\u00edo\u00a0<strong>gratuito<\/strong>\u00a0disponible para\u00a0<strong>Europa.<\/strong><\/p><p>Para env\u00edos\u00a0<b>internacionales fuera de la Uni\u00f3n Europea<\/b>\u00a0hay un cargo adicional que se le indicar\u00e1 en el momento en el que usted indique su direcci\u00f3n en el carrito de compra. Tengan en cuenta que\u00a0pueden sufrir retrasos debido a retenciones en aduanas.\u00a0<b>Env\u00edos Internacionales Expr\u00e9s<\/b>\u00a0disponibles con entrega en\u00a0<b>72 horas<\/b>.<\/p><p>La estimaci\u00f3n del tiempo de env\u00edo siempre se calcular\u00e1 en\u00a0<strong>d\u00edas h\u00e1biles.<\/strong><\/p>\t\t\t\t\t\t<\/div>\n\t\t\t\t<\/div>\n\t\t\t\t\t<\/div>\n\t\t<\/div>\n\t\t\t\t\t\t\t<\/div>\n\t\t<\/section>\n\t\t\t\t<section class=\"elementor-section elementor-top-section elementor-element elementor-element-1befd26 elementor-section-boxed elementor-section-height-default elementor-section-height-default\" data-id=\"1befd26\" data-element_type=\"section\">\n\t\t\t\t\t\t<div class=\"elementor-container elementor-column-gap-default\">\n\t\t\t\t\t<div class=\"elementor-column elementor-col-100 elementor-top-column elementor-element elementor-element-0c5b4f1\" data-id=\"0c5b4f1\" data-element_type=\"column\">\n\t\t\t<div class=\"elementor-widget-wrap elementor-element-populated\">\n\t\t\t\t\t\t\t\t<div class=\"elementor-element elementor-element-2dc1027 elementor-widget elementor-widget-spacer\" data-id=\"2dc1027\" data-element_type=\"widget\" data-widget_type=\"spacer.default\">\n\t\t\t\t<div class=\"elementor-widget-container\">\n\t\t\t\t\t<div class=\"elementor-spacer\">\n\t\t\t<div class=\"elementor-spacer-inner\"><\/div>\n\t\t<\/div>\n\t\t\t\t<\/div>\n\t\t\t\t<\/div>\n\t\t\t\t\t<\/div>\n\t\t<\/div>\n\t\t\t\t\t\t\t<\/div>\n\t\t<\/section>\n\t\t\t\t\t\t<\/div>\n\t\t\t\t\t<\/div>\n\t\t","protected":false},"excerpt":{"rendered":"<p>ENV\u00cdO GRATUITO, R\u00c1PIDO Y SEGURO Realizamos env\u00edos a\u00a0todo el mundo. Env\u00edo\u00a0gratuito\u00a0disponible para\u00a0Europa. Para env\u00edos\u00a0internacionales fuera de la Uni\u00f3n Europea\u00a0hay un cargo adicional que se le indicar\u00e1 en el momento en el que usted indique su direcci\u00f3n en el carrito de compra. Tengan en cuenta que\u00a0pueden sufrir retrasos debido a retenciones en aduanas.\u00a0Env\u00edos Internacionales Expr\u00e9s\u00a0disponibles con [&hellip;]<\/p>\n","protected":false},"author":1,"featured_media":0,"parent":0,"menu_order":0,"comment_status":"closed","ping_status":"closed","template":"","meta":[],"yoast_head":"<!-- This site is optimized with the Yoast SEO plugin v16.3 - https:\/\/yoast.com\/wordpress\/plugins\/seo\/ -->\n<title>Envio gratuito - OG Original<\/title>\n<meta name=\"robots\" content=\"noindex, follow, max-snippet:-1, max-image-preview:large, max-video-preview:-1\" \/>\n<meta property=\"og:locale\" content=\"es_ES\" \/>\n<meta property=\"og:type\" content=\"article\" \/>\n<meta property=\"og:title\" content=\"Envio gratuito - OG Original\" \/>\n<meta property=\"og:description\" content=\"ENV\u00cdO GRATUITO, R\u00c1PIDO Y SEGURO Realizamos env\u00edos a\u00a0todo el mundo. Env\u00edo\u00a0gratuito\u00a0disponible para\u00a0Europa. Para env\u00edos\u00a0internacionales fuera de la Uni\u00f3n Europea\u00a0hay un cargo adicional que se le indicar\u00e1 en el momento en el que usted indique su direcci\u00f3n en el carrito de compra. Tengan en cuenta que\u00a0pueden sufrir retrasos debido a retenciones en aduanas.\u00a0Env\u00edos Internacionales Expr\u00e9s\u00a0disponibles con [&hellip;]\" \/>\n<meta property=\"og:url\" content=\"https:\/\/og-onlineandgo.devcode.nl\/es\/envio-gratuito\/\" \/>\n<meta property=\"og:site_name\" content=\"OG Original\" \/>\n<meta property=\"article:modified_time\" content=\"2021-05-12T13:42:26+00:00\" \/>\n<meta name=\"twitter:card\" content=\"summary_large_image\" \/>\n<meta name=\"twitter:label1\" content=\"Tiempo de lectura\">\n\t<meta name=\"twitter:data1\" content=\"1 minuto\">\n<script type=\"application\/ld+json\" class=\"yoast-schema-graph\">{\"@context\":\"https:\/\/schema.org\",\"@graph\":[{\"@type\":\"WebSite\",\"@id\":\"https:\/\/og-onlineandgo.devcode.nl\/#website\",\"url\":\"https:\/\/og-onlineandgo.devcode.nl\/\",\"name\":\"OG Original\",\"description\":\"Motorcycle backpacks\",\"potentialAction\":[{\"@type\":\"SearchAction\",\"target\":\"https:\/\/og-onlineandgo.devcode.nl\/?s={search_term_string}\",\"query-input\":\"required name=search_term_string\"}],\"inLanguage\":\"es\"},{\"@type\":\"WebPage\",\"@id\":\"https:\/\/og-onlineandgo.devcode.nl\/es\/envio-gratuito\/#webpage\",\"url\":\"https:\/\/og-onlineandgo.devcode.nl\/es\/envio-gratuito\/\",\"name\":\"Envio gratuito - OG Original\",\"isPartOf\":{\"@id\":\"https:\/\/og-onlineandgo.devcode.nl\/#website\"},\"datePublished\":\"2021-05-06T11:43:06+00:00\",\"dateModified\":\"2021-05-12T13:42:26+00:00\",\"breadcrumb\":{\"@id\":\"https:\/\/og-onlineandgo.devcode.nl\/es\/envio-gratuito\/#breadcrumb\"},\"inLanguage\":\"es\",\"potentialAction\":[{\"@type\":\"ReadAction\",\"target\":[\"https:\/\/og-onlineandgo.devcode.nl\/es\/envio-gratuito\/\"]}]},{\"@type\":\"BreadcrumbList\",\"@id\":\"https:\/\/og-onlineandgo.devcode.nl\/es\/envio-gratuito\/#breadcrumb\",\"itemListElement\":[{\"@type\":\"ListItem\",\"position\":1,\"item\":{\"@type\":\"WebPage\",\"@id\":\"https:\/\/og-onlineandgo.devcode.nl\/es\/\",\"url\":\"https:\/\/og-onlineandgo.devcode.nl\/es\/\",\"name\":\"Home\"}},{\"@type\":\"ListItem\",\"position\":2,\"item\":{\"@id\":\"https:\/\/og-onlineandgo.devcode.nl\/es\/envio-gratuito\/#webpage\"}}]}]}<\/script>\n<!-- \/ Yoast SEO plugin. -->","_links":{"self":[{"href":"https:\/\/og-onlineandgo.devcode.nl\/es\/wp-json\/wp\/v2\/pages\/5533"}],"collection":[{"href":"https:\/\/og-onlineandgo.devcode.nl\/es\/wp-json\/wp\/v2\/pages"}],"about":[{"href":"https:\/\/og-onlineandgo.devcode.nl\/es\/wp-json\/wp\/v2\/types\/page"}],"author":[{"embeddable":true,"href":"https:\/\/og-onlineandgo.devcode.nl\/es\/wp-json\/wp\/v2\/users\/1"}],"replies":[{"embeddable":true,"href":"https:\/\/og-onlineandgo.devcode.nl\/es\/wp-json\/wp\/v2\/comments?post=5533"}],"version-history":[{"count":7,"href":"https:\/\/og-onlineandgo.devcode.nl\/es\/wp-json\/wp\/v2\/pages\/5533\/revisions"}],"predecessor-version":[{"id":7011,"href":"https:\/\/og-onlineandgo.devcode.nl\/es\/wp-json\/wp\/v2\/pages\/5533\/revisions\/7011"}],"wp:attachment":[{"href":"https:\/\/og-onlineandgo.devcode.nl\/es\/wp-json\/wp\/v2\/media?parent=5533"}],"curies":[{"name":"wp","href":"https:\/\/api.w.org\/{rel}","templated":true}]}}