{"id":1714,"date":"2021-04-25T01:09:23","date_gmt":"2021-04-24T23:09:23","guid":{"rendered":"https:\/\/og-onlineandgo.devcode.nl\/product\/roadrunner\/"},"modified":"2021-04-25T01:09:23","modified_gmt":"2021-04-24T23:09:23","slug":"roadrunner","status":"publish","type":"product","link":"https:\/\/og-onlineandgo.devcode.nl\/de\/produkt\/roadrunner\/","title":{"rendered":"RoadRunner"},"content":{"rendered":"","protected":false},"excerpt":{"rendered":"<p><strong>LEICHT, BEWEGLICH UND IN REDUZIERTER GR\u00d6\u00dfE 20l.<\/strong><br \/>\nMit\u00a0<strong>Wasserdichter Regenh\u00fclle<\/strong>\u2026Kann bis zu\u00a0<strong>ZWEI<\/strong>\u00a0Helme gleichzeitig transportieren<\/p>\n<p><strong>AUSSTATTUNG:<br \/>\nDHT<\/strong>\u00a0<strong>System<\/strong>, Anti-Diebstahl-Fach, Resistent gegen Wasser\/Abnutzung, Wasserdichte Rei\u00dfverschl\u00fcsse, Wasserdichte Regenh\u00fclle, Laptopfach bis 13 Zoll, Reflektierende Streifen, Verstellbare Brust-\/H\u00fcftgurte, Trolley-Halterung.<\/p>\n","protected":false},"featured_media":7796,"comment_status":"closed","ping_status":"closed","template":"","meta":[],"yoast_head":"<!-- This site is optimized with the Yoast SEO plugin v16.3 - https:\/\/yoast.com\/wordpress\/plugins\/seo\/ -->\n<title>RoadRunner - OG Original<\/title>\n<meta name=\"robots\" content=\"noindex, follow, max-snippet:-1, max-image-preview:large, max-video-preview:-1\" \/>\n<meta property=\"og:locale\" content=\"de_DE\" \/>\n<meta property=\"og:type\" content=\"article\" \/>\n<meta property=\"og:title\" content=\"RoadRunner - OG Original\" \/>\n<meta property=\"og:description\" content=\"LEICHT, BEWEGLICH UND IN REDUZIERTER GR\u00d6\u00dfE 20l. Mit\u00a0Wasserdichter Regenh\u00fclle\u2026Kann bis zu\u00a0ZWEI\u00a0Helme gleichzeitig transportieren  AUSSTATTUNG: DHT\u00a0System, Anti-Diebstahl-Fach, Resistent gegen Wasser\/Abnutzung, Wasserdichte Rei\u00dfverschl\u00fcsse, Wasserdichte Regenh\u00fclle, Laptopfach bis 13 Zoll, Reflektierende Streifen, Verstellbare Brust-\/H\u00fcftgurte, Trolley-Halterung.\" \/>\n<meta property=\"og:url\" content=\"https:\/\/og-onlineandgo.devcode.nl\/de\/produkt\/roadrunner\/\" \/>\n<meta property=\"og:site_name\" content=\"OG Original\" \/>\n<meta property=\"og:image\" content=\"https:\/\/og-onlineandgo.devcode.nl\/wp-content\/uploads\/2021\/04\/roadrunner1.png\" \/>\n\t<meta property=\"og:image:width\" content=\"723\" \/>\n\t<meta property=\"og:image:height\" content=\"850\" \/>\n<meta name=\"twitter:card\" content=\"summary_large_image\" \/>\n<script type=\"application\/ld+json\" class=\"yoast-schema-graph\">{\"@context\":\"https:\/\/schema.org\",\"@graph\":[{\"@type\":\"WebSite\",\"@id\":\"https:\/\/og-onlineandgo.devcode.nl\/#website\",\"url\":\"https:\/\/og-onlineandgo.devcode.nl\/\",\"name\":\"OG Original\",\"description\":\"Motorcycle backpacks\",\"potentialAction\":[{\"@type\":\"SearchAction\",\"target\":\"https:\/\/og-onlineandgo.devcode.nl\/?s={search_term_string}\",\"query-input\":\"required name=search_term_string\"}],\"inLanguage\":\"de\"},{\"@type\":\"ImageObject\",\"@id\":\"https:\/\/og-onlineandgo.devcode.nl\/de\/produkt\/roadrunner\/#primaryimage\",\"inLanguage\":\"de\",\"url\":\"https:\/\/og-onlineandgo.devcode.nl\/wp-content\/uploads\/2021\/04\/Roadrunner_Related.png\",\"contentUrl\":\"https:\/\/og-onlineandgo.devcode.nl\/wp-content\/uploads\/2021\/04\/Roadrunner_Related.png\",\"width\":255,\"height\":300},{\"@type\":\"WebPage\",\"@id\":\"https:\/\/og-onlineandgo.devcode.nl\/de\/produkt\/roadrunner\/#webpage\",\"url\":\"https:\/\/og-onlineandgo.devcode.nl\/de\/produkt\/roadrunner\/\",\"name\":\"RoadRunner - OG Original\",\"isPartOf\":{\"@id\":\"https:\/\/og-onlineandgo.devcode.nl\/#website\"},\"primaryImageOfPage\":{\"@id\":\"https:\/\/og-onlineandgo.devcode.nl\/de\/produkt\/roadrunner\/#primaryimage\"},\"datePublished\":\"2021-04-24T23:09:23+00:00\",\"dateModified\":\"2021-04-24T23:09:23+00:00\",\"breadcrumb\":{\"@id\":\"https:\/\/og-onlineandgo.devcode.nl\/de\/produkt\/roadrunner\/#breadcrumb\"},\"inLanguage\":\"de\",\"potentialAction\":[{\"@type\":\"ReadAction\",\"target\":[\"https:\/\/og-onlineandgo.devcode.nl\/de\/produkt\/roadrunner\/\"]}]},{\"@type\":\"BreadcrumbList\",\"@id\":\"https:\/\/og-onlineandgo.devcode.nl\/de\/produkt\/roadrunner\/#breadcrumb\",\"itemListElement\":[{\"@type\":\"ListItem\",\"position\":1,\"item\":{\"@type\":\"WebPage\",\"@id\":\"https:\/\/og-onlineandgo.devcode.nl\/de\/\",\"url\":\"https:\/\/og-onlineandgo.devcode.nl\/de\/\",\"name\":\"Home\"}},{\"@type\":\"ListItem\",\"position\":2,\"item\":{\"@type\":\"WebPage\",\"@id\":\"https:\/\/og-onlineandgo.devcode.nl\/shop-2\/\",\"url\":\"https:\/\/og-onlineandgo.devcode.nl\/shop-2\/\",\"name\":\"Shop\"}},{\"@type\":\"ListItem\",\"position\":3,\"item\":{\"@id\":\"https:\/\/og-onlineandgo.devcode.nl\/de\/produkt\/roadrunner\/#webpage\"}}]}]}<\/script>\n<!-- \/ Yoast SEO plugin. -->","_links":{"self":[{"href":"https:\/\/og-onlineandgo.devcode.nl\/de\/wp-json\/wp\/v2\/product\/1714"}],"collection":[{"href":"https:\/\/og-onlineandgo.devcode.nl\/de\/wp-json\/wp\/v2\/product"}],"about":[{"href":"https:\/\/og-onlineandgo.devcode.nl\/de\/wp-json\/wp\/v2\/types\/product"}],"replies":[{"embeddable":true,"href":"https:\/\/og-onlineandgo.devcode.nl\/de\/wp-json\/wp\/v2\/comments?post=1714"}],"wp:featuredmedia":[{"embeddable":true,"href":"https:\/\/og-onlineandgo.devcode.nl\/de\/wp-json\/wp\/v2\/media\/7796"}],"wp:attachment":[{"href":"https:\/\/og-onlineandgo.devcode.nl\/de\/wp-json\/wp\/v2\/media?parent=1714"}],"curies":[{"name":"wp","href":"https:\/\/api.w.org\/{rel}","templated":true}]}}