{"id":1326,"date":"2021-04-24T22:47:11","date_gmt":"2021-04-24T20:47:11","guid":{"rendered":"https:\/\/og-onlineandgo.devcode.nl\/product\/dht-go\/"},"modified":"2021-04-24T22:47:11","modified_gmt":"2021-04-24T20:47:11","slug":"dht-go","status":"publish","type":"product","link":"https:\/\/og-onlineandgo.devcode.nl\/de\/produkt\/dht-go\/","title":{"rendered":"DHT_GO"},"content":{"rendered":"","protected":false},"excerpt":{"rendered":"<p><b>KOMPAKT UND ELEGANT 20l.<br \/>\n<\/b>mit \u00d6ffnung f\u00fcr\u00a0<strong>Fl\u00fcssigkeitszufuhr und\/oder Kopfh\u00f6rern<\/strong>\u00a0und\u00a0<strong>Wasserdichter H\u00fclle<\/strong>\u2026Kann bis zu\u00a0<strong>ZWEI<\/strong>\u00a0Helme gleichzeitig transportieren.<\/p>\n<p><strong>AUSSTATTUNG:<\/strong><br \/>\n<strong>DHT System<\/strong>, Resistent gegen Wasser\/Abnutzung, Wasserdichte H\u00fclle, Laptopfach bis 15 Zoll, Reflektierende Streifen, Atmungsaktives R\u00fcckenteil und Gurte, Verstellbare Brust-\/ H\u00fcftgurte, \u00d6ffnung f\u00fcr Hydratation\/Kopfh\u00f6rer, zwei Seitentaschen.<\/p>\n","protected":false},"featured_media":7791,"comment_status":"closed","ping_status":"closed","template":"","meta":[],"yoast_head":"<!-- This site is optimized with the Yoast SEO plugin v16.3 - https:\/\/yoast.com\/wordpress\/plugins\/seo\/ -->\n<title>DHT_GO - OG Original<\/title>\n<meta name=\"robots\" content=\"noindex, follow, max-snippet:-1, max-image-preview:large, max-video-preview:-1\" \/>\n<meta property=\"og:locale\" content=\"de_DE\" \/>\n<meta property=\"og:type\" content=\"article\" \/>\n<meta property=\"og:title\" content=\"DHT_GO - OG Original\" \/>\n<meta property=\"og:description\" content=\"KOMPAKT UND ELEGANT 20l. mit \u00d6ffnung f\u00fcr\u00a0Fl\u00fcssigkeitszufuhr und\/oder Kopfh\u00f6rern\u00a0und\u00a0Wasserdichter H\u00fclle\u2026Kann bis zu\u00a0ZWEI\u00a0Helme gleichzeitig transportieren.  AUSSTATTUNG: DHT System, Resistent gegen Wasser\/Abnutzung, Wasserdichte H\u00fclle, Laptopfach bis 15 Zoll, Reflektierende Streifen, Atmungsaktives R\u00fcckenteil und Gurte, Verstellbare Brust-\/ H\u00fcftgurte, \u00d6ffnung f\u00fcr Hydratation\/Kopfh\u00f6rer, zwei Seitentaschen.\" \/>\n<meta property=\"og:url\" content=\"https:\/\/og-onlineandgo.devcode.nl\/de\/produkt\/dht-go\/\" \/>\n<meta property=\"og:site_name\" content=\"OG Original\" \/>\n<meta property=\"og:image\" content=\"https:\/\/og-onlineandgo.devcode.nl\/wp-content\/uploads\/2021\/04\/dhtgo1.png\" \/>\n\t<meta property=\"og:image:width\" content=\"723\" \/>\n\t<meta property=\"og:image:height\" content=\"850\" \/>\n<meta name=\"twitter:card\" content=\"summary_large_image\" \/>\n<script type=\"application\/ld+json\" class=\"yoast-schema-graph\">{\"@context\":\"https:\/\/schema.org\",\"@graph\":[{\"@type\":\"WebSite\",\"@id\":\"https:\/\/og-onlineandgo.devcode.nl\/#website\",\"url\":\"https:\/\/og-onlineandgo.devcode.nl\/\",\"name\":\"OG Original\",\"description\":\"Motorcycle backpacks\",\"potentialAction\":[{\"@type\":\"SearchAction\",\"target\":\"https:\/\/og-onlineandgo.devcode.nl\/?s={search_term_string}\",\"query-input\":\"required name=search_term_string\"}],\"inLanguage\":\"de\"},{\"@type\":\"ImageObject\",\"@id\":\"https:\/\/og-onlineandgo.devcode.nl\/de\/produkt\/dht-go\/#primaryimage\",\"inLanguage\":\"de\",\"url\":\"https:\/\/og-onlineandgo.devcode.nl\/wp-content\/uploads\/2021\/04\/DHTGO_Related.png\",\"contentUrl\":\"https:\/\/og-onlineandgo.devcode.nl\/wp-content\/uploads\/2021\/04\/DHTGO_Related.png\",\"width\":255,\"height\":300},{\"@type\":\"WebPage\",\"@id\":\"https:\/\/og-onlineandgo.devcode.nl\/de\/produkt\/dht-go\/#webpage\",\"url\":\"https:\/\/og-onlineandgo.devcode.nl\/de\/produkt\/dht-go\/\",\"name\":\"DHT_GO - OG Original\",\"isPartOf\":{\"@id\":\"https:\/\/og-onlineandgo.devcode.nl\/#website\"},\"primaryImageOfPage\":{\"@id\":\"https:\/\/og-onlineandgo.devcode.nl\/de\/produkt\/dht-go\/#primaryimage\"},\"datePublished\":\"2021-04-24T20:47:11+00:00\",\"dateModified\":\"2021-04-24T20:47:11+00:00\",\"breadcrumb\":{\"@id\":\"https:\/\/og-onlineandgo.devcode.nl\/de\/produkt\/dht-go\/#breadcrumb\"},\"inLanguage\":\"de\",\"potentialAction\":[{\"@type\":\"ReadAction\",\"target\":[\"https:\/\/og-onlineandgo.devcode.nl\/de\/produkt\/dht-go\/\"]}]},{\"@type\":\"BreadcrumbList\",\"@id\":\"https:\/\/og-onlineandgo.devcode.nl\/de\/produkt\/dht-go\/#breadcrumb\",\"itemListElement\":[{\"@type\":\"ListItem\",\"position\":1,\"item\":{\"@type\":\"WebPage\",\"@id\":\"https:\/\/og-onlineandgo.devcode.nl\/de\/\",\"url\":\"https:\/\/og-onlineandgo.devcode.nl\/de\/\",\"name\":\"Home\"}},{\"@type\":\"ListItem\",\"position\":2,\"item\":{\"@type\":\"WebPage\",\"@id\":\"https:\/\/og-onlineandgo.devcode.nl\/shop-2\/\",\"url\":\"https:\/\/og-onlineandgo.devcode.nl\/shop-2\/\",\"name\":\"Shop\"}},{\"@type\":\"ListItem\",\"position\":3,\"item\":{\"@id\":\"https:\/\/og-onlineandgo.devcode.nl\/de\/produkt\/dht-go\/#webpage\"}}]}]}<\/script>\n<!-- \/ Yoast SEO plugin. -->","_links":{"self":[{"href":"https:\/\/og-onlineandgo.devcode.nl\/de\/wp-json\/wp\/v2\/product\/1326"}],"collection":[{"href":"https:\/\/og-onlineandgo.devcode.nl\/de\/wp-json\/wp\/v2\/product"}],"about":[{"href":"https:\/\/og-onlineandgo.devcode.nl\/de\/wp-json\/wp\/v2\/types\/product"}],"replies":[{"embeddable":true,"href":"https:\/\/og-onlineandgo.devcode.nl\/de\/wp-json\/wp\/v2\/comments?post=1326"}],"wp:featuredmedia":[{"embeddable":true,"href":"https:\/\/og-onlineandgo.devcode.nl\/de\/wp-json\/wp\/v2\/media\/7791"}],"wp:attachment":[{"href":"https:\/\/og-onlineandgo.devcode.nl\/de\/wp-json\/wp\/v2\/media?parent=1326"}],"curies":[{"name":"wp","href":"https:\/\/api.w.org\/{rel}","templated":true}]}}