{"id":7861,"date":"2021-04-12T13:35:30","date_gmt":"2021-04-12T13:35:30","guid":{"rendered":"https:\/\/og-onlineandgo.devcode.nl\/privacy-policy\/"},"modified":"2021-05-13T16:37:13","modified_gmt":"2021-05-13T14:37:13","slug":"datenschutz-bestimmungen","status":"publish","type":"page","link":"https:\/\/og-onlineandgo.devcode.nl\/de\/datenschutz-bestimmungen\/","title":{"rendered":"Datenschutz-Bestimmungen"},"content":{"rendered":"\t\t<div data-elementor-type=\"wp-page\" data-elementor-id=\"7861\" class=\"elementor elementor-7861 elementor-3\" data-elementor-settings=\"[]\">\n\t\t\t\t\t\t\t<div class=\"elementor-section-wrap\">\n\t\t\t\t\t\t\t<section class=\"elementor-section elementor-top-section elementor-element elementor-element-7d13070 elementor-section-boxed elementor-section-height-default elementor-section-height-default\" data-id=\"7d13070\" data-element_type=\"section\">\n\t\t\t\t\t\t<div class=\"elementor-container elementor-column-gap-default\">\n\t\t\t\t\t<div class=\"elementor-column elementor-col-100 elementor-top-column elementor-element elementor-element-7fd9e0a\" data-id=\"7fd9e0a\" data-element_type=\"column\">\n\t\t\t<div class=\"elementor-widget-wrap elementor-element-populated\">\n\t\t\t\t\t\t\t\t<div class=\"elementor-element elementor-element-2cc0de5 elementor-widget elementor-widget-spacer\" data-id=\"2cc0de5\" data-element_type=\"widget\" data-widget_type=\"spacer.default\">\n\t\t\t\t<div class=\"elementor-widget-container\">\n\t\t\t\t\t<div class=\"elementor-spacer\">\n\t\t\t<div class=\"elementor-spacer-inner\"><\/div>\n\t\t<\/div>\n\t\t\t\t<\/div>\n\t\t\t\t<\/div>\n\t\t\t\t\t<\/div>\n\t\t<\/div>\n\t\t\t\t\t\t\t<\/div>\n\t\t<\/section>\n\t\t\t\t<section class=\"elementor-section elementor-top-section elementor-element elementor-element-522f040 elementor-section-boxed elementor-section-height-default elementor-section-height-default\" data-id=\"522f040\" data-element_type=\"section\">\n\t\t\t\t\t\t<div class=\"elementor-container elementor-column-gap-default\">\n\t\t\t\t\t<div class=\"elementor-column elementor-col-100 elementor-top-column elementor-element elementor-element-fe5e610\" data-id=\"fe5e610\" data-element_type=\"column\">\n\t\t\t<div class=\"elementor-widget-wrap elementor-element-populated\">\n\t\t\t\t\t\t\t\t<div class=\"elementor-element elementor-element-1e1a696 elementor-widget elementor-widget-heading\" data-id=\"1e1a696\" data-element_type=\"widget\" data-widget_type=\"heading.default\">\n\t\t\t\t<div class=\"elementor-widget-container\">\n\t\t\t<h2 class=\"elementor-heading-title elementor-size-default\">REGISTRIERUNG VON PERS\u00d6NLICHEN DATEN<\/h2>\t\t<\/div>\n\t\t\t\t<\/div>\n\t\t\t\t<div class=\"elementor-element elementor-element-92b9f64 elementor-widget elementor-widget-text-editor\" data-id=\"92b9f64\" data-element_type=\"widget\" data-widget_type=\"text-editor.default\">\n\t\t\t\t<div class=\"elementor-widget-container\">\n\t\t\t\t\t\t\t\t<p>Der Zweck dieser Erkl\u00e4rung ist es, Benutzer \u00fcber die allgemeinen Datenschutz- und Datenschutzrichtlinien zu informieren, die von OG-ONLINEANDGO.COM befolgt werden.<\/p><p>Diese Datenschutzrichtlinie kann je nach gesetzlichen oder Selbstregulierungsanforderungen variieren. Daher wird Benutzern empfohlen, sie regelm\u00e4\u00dfig zu besuchen. Sie gilt f\u00fcr den Fall, dass Benutzer beschlie\u00dfen, eines ihrer Kontaktformulare auszuf\u00fcllen, in dem Daten von a gesammelt werden pers\u00f6nlicher Natur.<\/p><p>Wenn Sie die Kontaktformulare verwenden, werden Sie feststellen, dass einige Felder wie Name oder E-Mail mit einem Sternchen (*) gekennzeichnet sind. Dies bedeutet, dass diese Felder erforderlich sind und das Formular nicht gesendet werden kann, wenn Sie diese Felder leer lassen. Sie k\u00f6nnen die Rechte auf Zugang, Berichtigung, L\u00f6schung und Widerspruch aus\u00fcben, indem Sie an die oben angegebene Adresse der verantwortlichen Person schreiben, und zwar gem\u00e4\u00df den Formalit\u00e4ten, die durch das Organgesetz 15\/1999 vom 13. Dezember zum Schutz personenbezogener Daten und seiner Bestimmungen festgelegt wurden . Entwicklung.<\/p><p>Das Senden personenbezogener Daten ist obligatorisch, um mit OG-ONLINEANDGO.COM Kontakt aufzunehmen und kommerzielle Operationen durchzuf\u00fchren.<\/p><p>Wenn Sie die angeforderten personenbezogenen Daten nicht angeben oder diese Datenschutzrichtlinie nicht akzeptieren, k\u00f6nnen Sie die auf unserem Portal gestellten Anfragen nicht abonnieren und bearbeiten.<\/p>\t\t\t\t\t\t<\/div>\n\t\t\t\t<\/div>\n\t\t\t\t\t<\/div>\n\t\t<\/div>\n\t\t\t\t\t\t\t<\/div>\n\t\t<\/section>\n\t\t\t\t<section class=\"elementor-section elementor-top-section elementor-element elementor-element-914eea2 elementor-section-boxed elementor-section-height-default elementor-section-height-default\" data-id=\"914eea2\" data-element_type=\"section\">\n\t\t\t\t\t\t<div class=\"elementor-container elementor-column-gap-default\">\n\t\t\t\t\t<div class=\"elementor-column elementor-col-100 elementor-top-column elementor-element elementor-element-871690e\" data-id=\"871690e\" data-element_type=\"column\">\n\t\t\t<div class=\"elementor-widget-wrap elementor-element-populated\">\n\t\t\t\t\t\t\t\t<div class=\"elementor-element elementor-element-eaba05f elementor-widget elementor-widget-heading\" data-id=\"eaba05f\" data-element_type=\"widget\" data-widget_type=\"heading.default\">\n\t\t\t\t<div class=\"elementor-widget-container\">\n\t\t\t<h2 class=\"elementor-heading-title elementor-size-default\">VERWENDUNG UND VERARBEITUNG VON BENUTZERDATEN<\/h2>\t\t<\/div>\n\t\t\t\t<\/div>\n\t\t\t\t<div class=\"elementor-element elementor-element-a2fae59 elementor-widget elementor-widget-text-editor\" data-id=\"a2fae59\" data-element_type=\"widget\" data-widget_type=\"text-editor.default\">\n\t\t\t\t<div class=\"elementor-widget-container\">\n\t\t\t\t\t\t\t\t<p>OG-ONLINEANDGO.COM ist sich der Verwendung und Behandlung personenbezogener Daten bewusst, die erforderlich sein k\u00f6nnen oder die von Benutzern auf ihren Webseiten abgerufen werden k\u00f6nnen, um die erforderlichen Anforderungen oder Dienste zu verwalten. Sie werden diese Informationen zu keinem Zeitpunkt anders verwenden oder Benutzerdaten an Dritte weitergeben.<\/p>\t\t\t\t\t\t<\/div>\n\t\t\t\t<\/div>\n\t\t\t\t<div class=\"elementor-element elementor-element-d13c19c elementor-widget elementor-widget-heading\" data-id=\"d13c19c\" data-element_type=\"widget\" data-widget_type=\"heading.default\">\n\t\t\t\t<div class=\"elementor-widget-container\">\n\t\t\t<h3 class=\"elementor-heading-title elementor-size-default\">GEHEIMNIS UND SICHERHEIT VON DATEN.<\/h3>\t\t<\/div>\n\t\t\t\t<\/div>\n\t\t\t\t<div class=\"elementor-element elementor-element-2079a54 elementor-widget elementor-widget-text-editor\" data-id=\"2079a54\" data-element_type=\"widget\" data-widget_type=\"text-editor.default\">\n\t\t\t\t<div class=\"elementor-widget-container\">\n\t\t\t\t\t\t\t\t<p>OG-ONLINEANDGO unter Ber\u00fccksichtigung des Standes der Technik gem\u00e4\u00df den Bestimmungen des RLOPD. OG-ONLINEANDGO.COM kann jedoch nicht die absolute Uneinnehmbarkeit des Internet-Netzwerks und damit die Verletzung von Daten durch betr\u00fcgerischen Zugriff Dritter garantieren.<\/p>\t\t\t\t\t\t<\/div>\n\t\t\t\t<\/div>\n\t\t\t\t<div class=\"elementor-element elementor-element-3458403 elementor-widget elementor-widget-heading\" data-id=\"3458403\" data-element_type=\"widget\" data-widget_type=\"heading.default\">\n\t\t\t\t<div class=\"elementor-widget-container\">\n\t\t\t<h3 class=\"elementor-heading-title elementor-size-default\">NAVIGATION<\/h3>\t\t<\/div>\n\t\t\t\t<\/div>\n\t\t\t\t<div class=\"elementor-element elementor-element-b715862 elementor-widget elementor-widget-text-editor\" data-id=\"b715862\" data-element_type=\"widget\" data-widget_type=\"text-editor.default\">\n\t\t\t\t<div class=\"elementor-widget-container\">\n\t\t\t\t\t\t\t\t<p>Beim Surfen auf unseren Webseiten speichern die Internet-Server Ihre IP-Adresse automatisch in den Zugriffsprotokollen und mit dem alleinigen Zweck, den Internetverkehr zuzulassen. Ihr Computer muss diese IP-Adresse beim Surfen im Internet angeben, damit die Kommunikation erfolgen kann gemacht. Ihre IP-Adresse wird auch verwendet, um Statistiken \u00fcber die Anzahl der Besucher dieser Website und deren Herkunft auf v\u00f6llig transparente Weise f\u00fcr Ihr Surfen zu erstellen.<\/p>\t\t\t\t\t\t<\/div>\n\t\t\t\t<\/div>\n\t\t\t\t<div class=\"elementor-element elementor-element-045e6fa elementor-widget elementor-widget-heading\" data-id=\"045e6fa\" data-element_type=\"widget\" data-widget_type=\"heading.default\">\n\t\t\t\t<div class=\"elementor-widget-container\">\n\t\t\t<h3 class=\"elementor-heading-title elementor-size-default\">\u00dcBUNG DER RECHTE AUF ZUGRIFF, GLEICHRICHTUNG, STORNIERUNG ODER GEGENSTAND.<\/h3>\t\t<\/div>\n\t\t\t\t<\/div>\n\t\t\t\t<div class=\"elementor-element elementor-element-7cf8d11 elementor-widget elementor-widget-text-editor\" data-id=\"7cf8d11\" data-element_type=\"widget\" data-widget_type=\"text-editor.default\">\n\t\t\t\t<div class=\"elementor-widget-container\">\n\t\t\t\t\t\t\t\t<p>Sie k\u00f6nnen Ihre Mitteilungen lenken und die Rechte auf Zugang, Berichtigung, L\u00f6schung und Widerspruch per E-Mail: og@onlineandgo.com zusammen mit einem g\u00fcltigen gesetzlichen Nachweis wie einer Fotokopie des D.N.I. oder gleichwertig, was im Betreff &#8220;DATENSCHUTZ&#8221; angegeben ist.<\/p>\t\t\t\t\t\t<\/div>\n\t\t\t\t<\/div>\n\t\t\t\t<div class=\"elementor-element elementor-element-e095f1e elementor-widget elementor-widget-heading\" data-id=\"e095f1e\" data-element_type=\"widget\" data-widget_type=\"heading.default\">\n\t\t\t\t<div class=\"elementor-widget-container\">\n\t\t\t<h3 class=\"elementor-heading-title elementor-size-default\">Akzeptanz und Zustimmung.<\/h3>\t\t<\/div>\n\t\t\t\t<\/div>\n\t\t\t\t<div class=\"elementor-element elementor-element-18fcfff elementor-widget elementor-widget-text-editor\" data-id=\"18fcfff\" data-element_type=\"widget\" data-widget_type=\"text-editor.default\">\n\t\t\t\t<div class=\"elementor-widget-container\">\n\t\t\t\t\t\t\t\t<p>Der Benutzer erkl\u00e4rt, \u00fcber die Bedingungen zum Schutz personenbezogener Daten informiert worden zu sein und deren Behandlung durch OG-ONLINEANDGO.COM in der in dieser Datenschutzrichtlinie angegebenen Weise und zu den in dieser Datenschutzrichtlinie angegebenen Zwecken zu akzeptieren und zuzustimmen.<\/p>\t\t\t\t\t\t<\/div>\n\t\t\t\t<\/div>\n\t\t\t\t<div class=\"elementor-element elementor-element-fb2c41a elementor-widget elementor-widget-heading\" data-id=\"fb2c41a\" data-element_type=\"widget\" data-widget_type=\"heading.default\">\n\t\t\t\t<div class=\"elementor-widget-container\">\n\t\t\t<h3 class=\"elementor-heading-title elementor-size-default\">HANDELSPOST.<\/h3>\t\t<\/div>\n\t\t\t\t<\/div>\n\t\t\t\t<div class=\"elementor-element elementor-element-a9b4230 elementor-widget elementor-widget-text-editor\" data-id=\"a9b4230\" data-element_type=\"widget\" data-widget_type=\"text-editor.default\">\n\t\t\t\t<div class=\"elementor-widget-container\">\n\t\t\t\t\t\t\t\t<p>In \u00dcbereinstimmung mit LSSICE f\u00fchrt OG-ONLINEANDGO.COM keine SPAM-Praktiken durch und sendet daher keine kommerziellen E-Mails, die zuvor nicht vom Benutzer angefordert oder autorisiert wurden. Folglich hat der Benutzer in jedem der auf der Website bereitgestellten Formulare die M\u00f6glichkeit, seine ausdr\u00fcckliche Zustimmung zum Erhalt unseres \u201eNewsletters\u201c zu erteilen, unabh\u00e4ngig von den speziell angeforderten kommerziellen Informationen.<\/p>\t\t\t\t\t\t<\/div>\n\t\t\t\t<\/div>\n\t\t\t\t\t<\/div>\n\t\t<\/div>\n\t\t\t\t\t\t\t<\/div>\n\t\t<\/section>\n\t\t\t\t<section class=\"elementor-section elementor-top-section elementor-element elementor-element-870e9ec elementor-section-boxed elementor-section-height-default elementor-section-height-default\" data-id=\"870e9ec\" data-element_type=\"section\">\n\t\t\t\t\t\t<div class=\"elementor-container elementor-column-gap-default\">\n\t\t\t\t\t<div class=\"elementor-column elementor-col-100 elementor-top-column elementor-element elementor-element-fca5a26\" data-id=\"fca5a26\" data-element_type=\"column\">\n\t\t\t<div class=\"elementor-widget-wrap elementor-element-populated\">\n\t\t\t\t\t\t\t\t<div class=\"elementor-element elementor-element-eb99732 elementor-widget elementor-widget-spacer\" data-id=\"eb99732\" data-element_type=\"widget\" data-widget_type=\"spacer.default\">\n\t\t\t\t<div class=\"elementor-widget-container\">\n\t\t\t\t\t<div class=\"elementor-spacer\">\n\t\t\t<div class=\"elementor-spacer-inner\"><\/div>\n\t\t<\/div>\n\t\t\t\t<\/div>\n\t\t\t\t<\/div>\n\t\t\t\t\t<\/div>\n\t\t<\/div>\n\t\t\t\t\t\t\t<\/div>\n\t\t<\/section>\n\t\t\t\t\t\t<\/div>\n\t\t\t\t\t<\/div>\n\t\t","protected":false},"excerpt":{"rendered":"<p>REGISTRIERUNG VON PERS\u00d6NLICHEN DATEN Der Zweck dieser Erkl\u00e4rung ist es, Benutzer \u00fcber die allgemeinen Datenschutz- und Datenschutzrichtlinien zu informieren, die von OG-ONLINEANDGO.COM befolgt werden. Diese Datenschutzrichtlinie kann je nach gesetzlichen oder Selbstregulierungsanforderungen variieren. Daher wird Benutzern empfohlen, sie regelm\u00e4\u00dfig zu besuchen. Sie gilt f\u00fcr den Fall, dass Benutzer beschlie\u00dfen, eines ihrer Kontaktformulare auszuf\u00fcllen, in dem [&hellip;]<\/p>\n","protected":false},"author":1,"featured_media":0,"parent":0,"menu_order":0,"comment_status":"closed","ping_status":"open","template":"","meta":[],"yoast_head":"<!-- This site is optimized with the Yoast SEO plugin v16.3 - https:\/\/yoast.com\/wordpress\/plugins\/seo\/ -->\n<title>Datenschutz-Bestimmungen - OG Original<\/title>\n<meta name=\"robots\" content=\"noindex, follow, max-snippet:-1, max-image-preview:large, max-video-preview:-1\" \/>\n<meta property=\"og:locale\" content=\"de_DE\" \/>\n<meta property=\"og:type\" content=\"article\" \/>\n<meta property=\"og:title\" content=\"Datenschutz-Bestimmungen - OG Original\" \/>\n<meta property=\"og:description\" content=\"REGISTRIERUNG VON PERS\u00d6NLICHEN DATEN Der Zweck dieser Erkl\u00e4rung ist es, Benutzer \u00fcber die allgemeinen Datenschutz- und Datenschutzrichtlinien zu informieren, die von OG-ONLINEANDGO.COM befolgt werden. Diese Datenschutzrichtlinie kann je nach gesetzlichen oder Selbstregulierungsanforderungen variieren. Daher wird Benutzern empfohlen, sie regelm\u00e4\u00dfig zu besuchen. Sie gilt f\u00fcr den Fall, dass Benutzer beschlie\u00dfen, eines ihrer Kontaktformulare auszuf\u00fcllen, in dem [&hellip;]\" \/>\n<meta property=\"og:url\" content=\"https:\/\/og-onlineandgo.devcode.nl\/de\/datenschutz-bestimmungen\/\" \/>\n<meta property=\"og:site_name\" content=\"OG Original\" \/>\n<meta property=\"article:modified_time\" content=\"2021-05-13T14:37:13+00:00\" \/>\n<meta name=\"twitter:card\" content=\"summary_large_image\" \/>\n<meta name=\"twitter:label1\" content=\"Gesch\u00e4tzte Lesezeit\">\n\t<meta name=\"twitter:data1\" content=\"3\u00a0Minuten\">\n<script type=\"application\/ld+json\" class=\"yoast-schema-graph\">{\"@context\":\"https:\/\/schema.org\",\"@graph\":[{\"@type\":\"WebSite\",\"@id\":\"https:\/\/og-onlineandgo.devcode.nl\/#website\",\"url\":\"https:\/\/og-onlineandgo.devcode.nl\/\",\"name\":\"OG Original\",\"description\":\"Motorcycle backpacks\",\"potentialAction\":[{\"@type\":\"SearchAction\",\"target\":\"https:\/\/og-onlineandgo.devcode.nl\/?s={search_term_string}\",\"query-input\":\"required name=search_term_string\"}],\"inLanguage\":\"de\"},{\"@type\":\"WebPage\",\"@id\":\"https:\/\/og-onlineandgo.devcode.nl\/de\/datenschutz-bestimmungen\/#webpage\",\"url\":\"https:\/\/og-onlineandgo.devcode.nl\/de\/datenschutz-bestimmungen\/\",\"name\":\"Datenschutz-Bestimmungen - OG Original\",\"isPartOf\":{\"@id\":\"https:\/\/og-onlineandgo.devcode.nl\/#website\"},\"datePublished\":\"2021-04-12T13:35:30+00:00\",\"dateModified\":\"2021-05-13T14:37:13+00:00\",\"breadcrumb\":{\"@id\":\"https:\/\/og-onlineandgo.devcode.nl\/de\/datenschutz-bestimmungen\/#breadcrumb\"},\"inLanguage\":\"de\",\"potentialAction\":[{\"@type\":\"ReadAction\",\"target\":[\"https:\/\/og-onlineandgo.devcode.nl\/de\/datenschutz-bestimmungen\/\"]}]},{\"@type\":\"BreadcrumbList\",\"@id\":\"https:\/\/og-onlineandgo.devcode.nl\/de\/datenschutz-bestimmungen\/#breadcrumb\",\"itemListElement\":[{\"@type\":\"ListItem\",\"position\":1,\"item\":{\"@type\":\"WebPage\",\"@id\":\"https:\/\/og-onlineandgo.devcode.nl\/de\/\",\"url\":\"https:\/\/og-onlineandgo.devcode.nl\/de\/\",\"name\":\"Home\"}},{\"@type\":\"ListItem\",\"position\":2,\"item\":{\"@id\":\"https:\/\/og-onlineandgo.devcode.nl\/de\/datenschutz-bestimmungen\/#webpage\"}}]}]}<\/script>\n<!-- \/ Yoast SEO plugin. -->","_links":{"self":[{"href":"https:\/\/og-onlineandgo.devcode.nl\/de\/wp-json\/wp\/v2\/pages\/7861"}],"collection":[{"href":"https:\/\/og-onlineandgo.devcode.nl\/de\/wp-json\/wp\/v2\/pages"}],"about":[{"href":"https:\/\/og-onlineandgo.devcode.nl\/de\/wp-json\/wp\/v2\/types\/page"}],"author":[{"embeddable":true,"href":"https:\/\/og-onlineandgo.devcode.nl\/de\/wp-json\/wp\/v2\/users\/1"}],"replies":[{"embeddable":true,"href":"https:\/\/og-onlineandgo.devcode.nl\/de\/wp-json\/wp\/v2\/comments?post=7861"}],"version-history":[{"count":4,"href":"https:\/\/og-onlineandgo.devcode.nl\/de\/wp-json\/wp\/v2\/pages\/7861\/revisions"}],"predecessor-version":[{"id":7865,"href":"https:\/\/og-onlineandgo.devcode.nl\/de\/wp-json\/wp\/v2\/pages\/7861\/revisions\/7865"}],"wp:attachment":[{"href":"https:\/\/og-onlineandgo.devcode.nl\/de\/wp-json\/wp\/v2\/media?parent=7861"}],"curies":[{"name":"wp","href":"https:\/\/api.w.org\/{rel}","templated":true}]}}